{"id":929,"date":"2025-05-02T17:48:03","date_gmt":"2025-05-02T17:48:03","guid":{"rendered":"https:\/\/mimusa.pro\/harmonium\/?post_type=product&#038;p=929"},"modified":"2026-01-29T09:45:09","modified_gmt":"2026-01-29T09:45:09","slug":"laurel","status":"publish","type":"product","link":"https:\/\/harmonium.es\/pt\/producto\/laurel\/","title":{"rendered":"Laurel"},"content":{"rendered":"<p class=\"sc-6d40b24c-2 cTqclL\">Com as suas formas geom\u00e9tricas inspiradas no loureiro, este design combinado ao longo de uma parede simula uma parede cont\u00ednua de folhas. Gra\u00e7as \u00e0 sua simetria, pode ser escalado em todas as dire\u00e7\u00f5es para controlar o n\u00edvel de ru\u00eddo do espa\u00e7o.<\/p>","protected":false},"excerpt":{"rendered":"<p>Com as suas formas geom\u00e9tricas inspiradas no loureiro, este design combinado ao longo de uma parede simula uma parede cont\u00ednua de folhas. Gra\u00e7as \u00e0 sua simetria, pode ser escalado em todas as dire\u00e7\u00f5es para controlar o n\u00edvel de ru\u00eddo do espa\u00e7o.<\/p>","protected":false},"featured_media":930,"comment_status":"open","ping_status":"closed","template":"","meta":{"_acf_changed":false},"product_brand":[],"product_cat":[29,22],"product_tag":[],"class_list":{"0":"post-929","1":"product","2":"type-product","3":"status-publish","4":"has-post-thumbnail","6":"product_cat-chilwe","7":"product_cat-paneles-de-pared","9":"first","10":"instock","11":"shipping-taxable","12":"product-type-variable"},"acf":[],"_links":{"self":[{"href":"https:\/\/harmonium.es\/pt\/wp-json\/wp\/v2\/product\/929","targetHints":{"allow":["GET"]}}],"collection":[{"href":"https:\/\/harmonium.es\/pt\/wp-json\/wp\/v2\/product"}],"about":[{"href":"https:\/\/harmonium.es\/pt\/wp-json\/wp\/v2\/types\/product"}],"replies":[{"embeddable":true,"href":"https:\/\/harmonium.es\/pt\/wp-json\/wp\/v2\/comments?post=929"}],"wp:featuredmedia":[{"embeddable":true,"href":"https:\/\/harmonium.es\/pt\/wp-json\/wp\/v2\/media\/930"}],"wp:attachment":[{"href":"https:\/\/harmonium.es\/pt\/wp-json\/wp\/v2\/media?parent=929"}],"wp:term":[{"taxonomy":"product_brand","embeddable":true,"href":"https:\/\/harmonium.es\/pt\/wp-json\/wp\/v2\/product_brand?post=929"},{"taxonomy":"product_cat","embeddable":true,"href":"https:\/\/harmonium.es\/pt\/wp-json\/wp\/v2\/product_cat?post=929"},{"taxonomy":"product_tag","embeddable":true,"href":"https:\/\/harmonium.es\/pt\/wp-json\/wp\/v2\/product_tag?post=929"}],"curies":[{"name":"wp","href":"https:\/\/api.w.org\/{rel}","templated":true}]}}