{"id":2088,"date":"2025-05-08T10:00:08","date_gmt":"2025-05-08T10:00:08","guid":{"rendered":"https:\/\/mimusa.pro\/harmonium\/?post_type=product&#038;p=2088"},"modified":"2026-01-29T08:28:21","modified_gmt":"2026-01-29T08:28:21","slug":"lines-in-motion","status":"publish","type":"product","link":"https:\/\/harmonium.es\/pt\/producto\/lines-in-motion\/","title":{"rendered":"Lines in Motion"},"content":{"rendered":"<p class=\"sc-6d40b24c-2 cTqclL\">Na intrincada cena do design, \u201cLines in Motion\u201d \u00e9 uma express\u00e3o viva do ic\u00f3nico estilo Bauhaus, trazendo a ess\u00eancia da geometria para um bailado visual de linhas din\u00e2micas.<\/p>","protected":false},"excerpt":{"rendered":"<p>Na intrincada cena do design, \u201cLines in Motion\u201d \u00e9 uma express\u00e3o viva do ic\u00f3nico estilo Bauhaus, trazendo a ess\u00eancia da geometria para um bailado visual de linhas din\u00e2micas.<\/p>","protected":false},"featured_media":2385,"comment_status":"open","ping_status":"closed","template":"","meta":{"_acf_changed":false},"product_brand":[],"product_cat":[33,22],"product_tag":[],"class_list":{"0":"post-2088","1":"product","2":"type-product","3":"status-publish","4":"has-post-thumbnail","6":"product_cat-bauhaus-by-harmonium","7":"product_cat-paneles-de-pared","9":"first","10":"instock","11":"shipping-taxable","12":"product-type-variable"},"acf":[],"_links":{"self":[{"href":"https:\/\/harmonium.es\/pt\/wp-json\/wp\/v2\/product\/2088","targetHints":{"allow":["GET"]}}],"collection":[{"href":"https:\/\/harmonium.es\/pt\/wp-json\/wp\/v2\/product"}],"about":[{"href":"https:\/\/harmonium.es\/pt\/wp-json\/wp\/v2\/types\/product"}],"replies":[{"embeddable":true,"href":"https:\/\/harmonium.es\/pt\/wp-json\/wp\/v2\/comments?post=2088"}],"wp:featuredmedia":[{"embeddable":true,"href":"https:\/\/harmonium.es\/pt\/wp-json\/wp\/v2\/media\/2385"}],"wp:attachment":[{"href":"https:\/\/harmonium.es\/pt\/wp-json\/wp\/v2\/media?parent=2088"}],"wp:term":[{"taxonomy":"product_brand","embeddable":true,"href":"https:\/\/harmonium.es\/pt\/wp-json\/wp\/v2\/product_brand?post=2088"},{"taxonomy":"product_cat","embeddable":true,"href":"https:\/\/harmonium.es\/pt\/wp-json\/wp\/v2\/product_cat?post=2088"},{"taxonomy":"product_tag","embeddable":true,"href":"https:\/\/harmonium.es\/pt\/wp-json\/wp\/v2\/product_tag?post=2088"}],"curies":[{"name":"wp","href":"https:\/\/api.w.org\/{rel}","templated":true}]}}