{"id":1416,"date":"2025-05-08T08:50:42","date_gmt":"2025-05-08T08:50:42","guid":{"rendered":"https:\/\/mimusa.pro\/harmonium\/?post_type=product&#038;p=1416"},"modified":"2026-01-29T09:23:50","modified_gmt":"2026-01-29T09:23:50","slug":"steel","status":"publish","type":"product","link":"https:\/\/harmonium.es\/pt\/producto\/steel\/","title":{"rendered":"Steel"},"content":{"rendered":"<p class=\"sc-6d40b24c-2 cTqclL\">O Steel foi inspirado na precis\u00e3o dos detalhes da constru\u00e7\u00e3o em a\u00e7o. Cri\u00e1mos um painel de parede com apar\u00eancia de grelha; parece simples, mas exc\u00eantrico, com formas b\u00e1sicas que garantem um aspeto intemporal.<\/p>","protected":false},"excerpt":{"rendered":"<p>O Steel foi inspirado na precis\u00e3o dos detalhes da constru\u00e7\u00e3o em a\u00e7o. Cri\u00e1mos um painel de parede com apar\u00eancia de grelha; parece simples, mas exc\u00eantrico, com formas b\u00e1sicas que garantem um aspeto intemporal.<\/p>","protected":false},"featured_media":2256,"comment_status":"open","ping_status":"closed","template":"","meta":{"_acf_changed":false},"product_brand":[],"product_cat":[30,22],"product_tag":[],"class_list":{"0":"post-1416","1":"product","2":"type-product","3":"status-publish","4":"has-post-thumbnail","6":"product_cat-harmony","7":"product_cat-paneles-de-pared","9":"first","10":"instock","11":"shipping-taxable","12":"product-type-variable"},"acf":[],"_links":{"self":[{"href":"https:\/\/harmonium.es\/pt\/wp-json\/wp\/v2\/product\/1416","targetHints":{"allow":["GET"]}}],"collection":[{"href":"https:\/\/harmonium.es\/pt\/wp-json\/wp\/v2\/product"}],"about":[{"href":"https:\/\/harmonium.es\/pt\/wp-json\/wp\/v2\/types\/product"}],"replies":[{"embeddable":true,"href":"https:\/\/harmonium.es\/pt\/wp-json\/wp\/v2\/comments?post=1416"}],"wp:featuredmedia":[{"embeddable":true,"href":"https:\/\/harmonium.es\/pt\/wp-json\/wp\/v2\/media\/2256"}],"wp:attachment":[{"href":"https:\/\/harmonium.es\/pt\/wp-json\/wp\/v2\/media?parent=1416"}],"wp:term":[{"taxonomy":"product_brand","embeddable":true,"href":"https:\/\/harmonium.es\/pt\/wp-json\/wp\/v2\/product_brand?post=1416"},{"taxonomy":"product_cat","embeddable":true,"href":"https:\/\/harmonium.es\/pt\/wp-json\/wp\/v2\/product_cat?post=1416"},{"taxonomy":"product_tag","embeddable":true,"href":"https:\/\/harmonium.es\/pt\/wp-json\/wp\/v2\/product_tag?post=1416"}],"curies":[{"name":"wp","href":"https:\/\/api.w.org\/{rel}","templated":true}]}}