{"id":1269,"date":"2025-05-08T08:39:27","date_gmt":"2025-05-08T08:39:27","guid":{"rendered":"https:\/\/mimusa.pro\/harmonium\/?post_type=product&#038;p=1269"},"modified":"2026-01-29T09:34:38","modified_gmt":"2026-01-29T09:34:38","slug":"pebble-island","status":"publish","type":"product","link":"https:\/\/harmonium.es\/pt\/producto\/pebble-island\/","title":{"rendered":"Pebble Island"},"content":{"rendered":"<p class=\"sc-6d40b24c-2 cTqclL\">Eleve o seu espa\u00e7o com o elemento ac\u00fastico Pebbles, uma inova\u00e7\u00e3o que lembra pedras redondas irregulares. Proporciona uma solu\u00e7\u00e3o ac\u00fastica vers\u00e1til, seja suspenso do teto ou montado na parede. Escolha entre v\u00e1rias cores para criar combina\u00e7\u00f5es personalizadas e veja como este design distintivo acrescenta personalidade e criatividade ao seu ambiente.<\/p>","protected":false},"excerpt":{"rendered":"<p>Eleve o seu espa\u00e7o com o elemento ac\u00fastico Pebbles, uma inova\u00e7\u00e3o que lembra pedras redondas irregulares. Proporciona uma solu\u00e7\u00e3o ac\u00fastica vers\u00e1til, seja suspenso do teto ou montado na parede. Escolha entre v\u00e1rias cores para criar combina\u00e7\u00f5es personalizadas e veja como este design distintivo acrescenta personalidade e criatividade ao seu ambiente.<\/p>","protected":false},"featured_media":2192,"comment_status":"open","ping_status":"closed","template":"","meta":{"_acf_changed":false},"product_brand":[],"product_cat":[35,23],"product_tag":[],"class_list":{"0":"post-1269","1":"product","2":"type-product","3":"status-publish","4":"has-post-thumbnail","6":"product_cat-chilwe-ceiling-panels","7":"product_cat-paneles-de-techo","9":"first","10":"instock","11":"shipping-taxable","12":"product-type-variable"},"acf":[],"_links":{"self":[{"href":"https:\/\/harmonium.es\/pt\/wp-json\/wp\/v2\/product\/1269","targetHints":{"allow":["GET"]}}],"collection":[{"href":"https:\/\/harmonium.es\/pt\/wp-json\/wp\/v2\/product"}],"about":[{"href":"https:\/\/harmonium.es\/pt\/wp-json\/wp\/v2\/types\/product"}],"replies":[{"embeddable":true,"href":"https:\/\/harmonium.es\/pt\/wp-json\/wp\/v2\/comments?post=1269"}],"wp:featuredmedia":[{"embeddable":true,"href":"https:\/\/harmonium.es\/pt\/wp-json\/wp\/v2\/media\/2192"}],"wp:attachment":[{"href":"https:\/\/harmonium.es\/pt\/wp-json\/wp\/v2\/media?parent=1269"}],"wp:term":[{"taxonomy":"product_brand","embeddable":true,"href":"https:\/\/harmonium.es\/pt\/wp-json\/wp\/v2\/product_brand?post=1269"},{"taxonomy":"product_cat","embeddable":true,"href":"https:\/\/harmonium.es\/pt\/wp-json\/wp\/v2\/product_cat?post=1269"},{"taxonomy":"product_tag","embeddable":true,"href":"https:\/\/harmonium.es\/pt\/wp-json\/wp\/v2\/product_tag?post=1269"}],"curies":[{"name":"wp","href":"https:\/\/api.w.org\/{rel}","templated":true}]}}