{"id":1122,"date":"2025-05-08T08:10:22","date_gmt":"2025-05-08T08:10:22","guid":{"rendered":"https:\/\/mimusa.pro\/harmonium\/?post_type=product&#038;p=1122"},"modified":"2026-01-29T09:43:21","modified_gmt":"2026-01-29T09:43:21","slug":"resonance","status":"publish","type":"product","link":"https:\/\/harmonium.es\/pt\/producto\/resonance\/","title":{"rendered":"Resonance"},"content":{"rendered":"<p class=\"sc-6d40b24c-2 cTqclL\">Experimente harmonia a partir do alto com Resonance. Com as suas duas cores, o Resonance integra-se em qualquer interior. Pode criar diferentes varia\u00e7\u00f5es ao instal\u00e1-lo, criando assim o seu pr\u00f3prio design personalizado de teto.<\/p>","protected":false},"excerpt":{"rendered":"<p>Experimente harmonia a partir do alto com Resonance. Com as suas duas cores, o Resonance integra-se em qualquer interior. Pode criar diferentes varia\u00e7\u00f5es ao instal\u00e1-lo, criando assim o seu pr\u00f3prio design personalizado de teto.<\/p>","protected":false},"featured_media":2176,"comment_status":"open","ping_status":"closed","template":"","meta":{"_acf_changed":false},"product_brand":[],"product_cat":[23,34],"product_tag":[],"class_list":{"0":"post-1122","1":"product","2":"type-product","3":"status-publish","4":"has-post-thumbnail","6":"product_cat-paneles-de-techo","7":"product_cat-pulse-ceiling-panels","9":"first","10":"instock","11":"shipping-taxable","12":"product-type-variable"},"acf":[],"_links":{"self":[{"href":"https:\/\/harmonium.es\/pt\/wp-json\/wp\/v2\/product\/1122","targetHints":{"allow":["GET"]}}],"collection":[{"href":"https:\/\/harmonium.es\/pt\/wp-json\/wp\/v2\/product"}],"about":[{"href":"https:\/\/harmonium.es\/pt\/wp-json\/wp\/v2\/types\/product"}],"replies":[{"embeddable":true,"href":"https:\/\/harmonium.es\/pt\/wp-json\/wp\/v2\/comments?post=1122"}],"wp:featuredmedia":[{"embeddable":true,"href":"https:\/\/harmonium.es\/pt\/wp-json\/wp\/v2\/media\/2176"}],"wp:attachment":[{"href":"https:\/\/harmonium.es\/pt\/wp-json\/wp\/v2\/media?parent=1122"}],"wp:term":[{"taxonomy":"product_brand","embeddable":true,"href":"https:\/\/harmonium.es\/pt\/wp-json\/wp\/v2\/product_brand?post=1122"},{"taxonomy":"product_cat","embeddable":true,"href":"https:\/\/harmonium.es\/pt\/wp-json\/wp\/v2\/product_cat?post=1122"},{"taxonomy":"product_tag","embeddable":true,"href":"https:\/\/harmonium.es\/pt\/wp-json\/wp\/v2\/product_tag?post=1122"}],"curies":[{"name":"wp","href":"https:\/\/api.w.org\/{rel}","templated":true}]}}