{"id":3,"date":"2025-02-25T21:39:51","date_gmt":"2025-02-25T21:39:51","guid":{"rendered":"https:\/\/mimusa.pro\/harmonium\/?page_id=3"},"modified":"2025-09-12T11:26:12","modified_gmt":"2025-09-12T11:26:12","slug":"politica-de-privacidad","status":"publish","type":"page","link":"https:\/\/harmonium.es\/pt\/politica-de-privacidad\/","title":{"rendered":"Pol\u00edtica de privacidade"},"content":{"rendered":"<h2 class=\"wp-block-heading\">Quem somos<\/h2>\n\n\n\n<p>Nuestra direcci\u00f3n web es: <a href=\"https:\/\/harmonium.es\/pt\/\">https:\/\/www.harmonium.es\/<\/a><\/p>\n\n\n\n<h2 class=\"wp-block-heading\">Coment\u00e1rios<\/h2>\n\n\n\n<p>Quando os visitantes deixam coment\u00e1rios no site, recolhemos os dados mostrados no formul\u00e1rio de coment\u00e1rios, bem como o endere\u00e7o IP e a cadeia de agente de utilizador do navegador para ajudar na dete\u00e7\u00e3o de spam.<\/p>\n\n\n\n<p>Uma cadeia anonimizada criada a partir do seu e-mail pode ser fornecida ao servi\u00e7o Gravatar. A pol\u00edtica de privacidade do Gravatar est\u00e1 dispon\u00edvel aqui: https:\/\/automattic.com\/privacy\/ <a>https:\/\/automattic.com\/privacy\/<\/a>Ap\u00f3s a aprova\u00e7\u00e3o do coment\u00e1rio, a imagem do perfil fica vis\u00edvel ao p\u00fablico no contexto do coment\u00e1rio.<\/p>\n\n\n\n<h2 class=\"wp-block-heading\">Media<\/h2>\n\n\n\n<p>Se carregar imagens no site, deve evitar imagens com dados de localiza\u00e7\u00e3o incorporados (EXIF GPS). Os visitantes podem descarregar e extrair esses dados das imagens.<\/p>\n\n\n\n<h2 class=\"wp-block-heading\">Cookies<\/h2>\n\n\n\n<p>Se deixar um coment\u00e1rio, pode optar por guardar o seu nome, e-mail e site em cookies. Isto serve para sua conveni\u00eancia, para n\u00e3o ter de preencher novamente os dados. Estes cookies duram um ano.<\/p>\n\n\n\n<p>Se visitar a p\u00e1gina de login, ser\u00e1 definido um cookie tempor\u00e1rio para verificar se o navegador aceita cookies. Este cookie n\u00e3o cont\u00e9m dados pessoais e \u00e9 eliminado ao fechar o navegador.<\/p>\n\n\n\n<p>Quando inicia sess\u00e3o, v\u00e1rios cookies s\u00e3o definidos para guardar as informa\u00e7\u00f5es de login e prefer\u00eancias de visualiza\u00e7\u00e3o. Os cookies de login duram dois dias e os de op\u00e7\u00f5es de visualiza\u00e7\u00e3o um ano. Se selecionar \u201cLembrar-me\u201d, a sess\u00e3o permanecer\u00e1 por duas semanas. Ao terminar a sess\u00e3o, os cookies de login s\u00e3o removidos.<\/p>\n\n\n\n<p>Se editar ou publicar um artigo, um cookie adicional ser\u00e1 guardado no navegador. Este cookie n\u00e3o cont\u00e9m dados pessoais e indica apenas o ID do artigo. Expira ap\u00f3s um dia.<\/p>\n\n\n\n<h2 class=\"wp-block-heading\">Conte\u00fado incorporado de outros sites<\/h2>\n\n\n\n<p>Os artigos neste site podem incluir conte\u00fado incorporado (v\u00eddeos, imagens, artigos, etc.). O conte\u00fado incorporado comporta-se como se tivesse visitado o outro site.<\/p>\n\n\n\n<p>Esses sites podem recolher dados sobre si, usar cookies, incorporar rastreamento adicional de terceiros e monitorizar a sua intera\u00e7\u00e3o com esse conte\u00fado.<\/p>\n\n\n\n<h2 class=\"wp-block-heading\">Com quem partilhamos os seus dados<\/h2>\n\n\n\n<p>Se solicitar uma redefini\u00e7\u00e3o de senha, o seu endere\u00e7o IP ser\u00e1 inclu\u00eddo no e-mail de redefini\u00e7\u00e3o.<\/p>\n\n\n\n<h2 class=\"wp-block-heading\">Durante quanto tempo mantemos os seus dados<\/h2>\n\n\n\n<p>Se deixar um coment\u00e1rio, este e os metadados ser\u00e3o mantidos indefinidamente.<\/p>\n\n\n\n<p>Para utilizadores registados, tamb\u00e9m armazenamos as informa\u00e7\u00f5es pessoais fornecidas no perfil. Todos os utilizadores podem ver, editar ou eliminar as suas informa\u00e7\u00f5es pessoais em qualquer altura (exceto o nome de utilizador). Os administradores do site tamb\u00e9m podem ver e editar essas informa\u00e7\u00f5es.<\/p>\n\n\n\n<h2 class=\"wp-block-heading\">Quais s\u00e3o os seus direitos sobre os dados<\/h2>\n\n\n\n<p>Se tiver uma conta ou deixou coment\u00e1rios, pode solicitar um ficheiro exportado com os dados pessoais que temos sobre si. Pode tamb\u00e9m solicitar a elimina\u00e7\u00e3o desses dados. Isto n\u00e3o inclui dados que sejamos obrigados a manter por raz\u00f5es legais ou de seguran\u00e7a.<\/p>\n\n\n\n<h2 class=\"wp-block-heading\">Para onde s\u00e3o enviados os seus dados<\/h2>\n\n\n\n<p>Os coment\u00e1rios dos visitantes podem ser verificados por um servi\u00e7o autom\u00e1tico de dete\u00e7\u00e3o de spam.<\/p>\n\n\n\n<p><\/p>","protected":false},"excerpt":{"rendered":"<p>Qui\u00e9nes somos Nuestra direcci\u00f3n web es: https:\/\/www.harmonium.es\/ Comentarios Cuando los visitantes dejan comentarios en el sitio recopilamos los datos que se muestran en el formulario de comentarios, as\u00ed como la direcci\u00f3n IP del visitante y la cadena de agente de usuario del navegador para ayudar a la detecci\u00f3n de spam. Una cadena anonimizada creada a [&hellip;]<\/p>\n","protected":false},"author":1,"featured_media":0,"parent":0,"menu_order":0,"comment_status":"closed","ping_status":"closed","template":"","meta":{"_acf_changed":false,"footnotes":""},"class_list":["post-3","page","type-page","status-publish","hentry"],"acf":[],"_links":{"self":[{"href":"https:\/\/harmonium.es\/pt\/wp-json\/wp\/v2\/pages\/3","targetHints":{"allow":["GET"]}}],"collection":[{"href":"https:\/\/harmonium.es\/pt\/wp-json\/wp\/v2\/pages"}],"about":[{"href":"https:\/\/harmonium.es\/pt\/wp-json\/wp\/v2\/types\/page"}],"author":[{"embeddable":true,"href":"https:\/\/harmonium.es\/pt\/wp-json\/wp\/v2\/users\/1"}],"replies":[{"embeddable":true,"href":"https:\/\/harmonium.es\/pt\/wp-json\/wp\/v2\/comments?post=3"}],"version-history":[{"count":7,"href":"https:\/\/harmonium.es\/pt\/wp-json\/wp\/v2\/pages\/3\/revisions"}],"predecessor-version":[{"id":3169,"href":"https:\/\/harmonium.es\/pt\/wp-json\/wp\/v2\/pages\/3\/revisions\/3169"}],"wp:attachment":[{"href":"https:\/\/harmonium.es\/pt\/wp-json\/wp\/v2\/media?parent=3"}],"curies":[{"name":"wp","href":"https:\/\/api.w.org\/{rel}","templated":true}]}}