{"id":1689,"date":"2025-05-08T09:13:40","date_gmt":"2025-05-08T09:13:40","guid":{"rendered":"https:\/\/mimusa.pro\/harmonium\/?post_type=product&#038;p=1689"},"modified":"2026-01-29T09:03:37","modified_gmt":"2026-01-29T09:03:37","slug":"morph-soft-edge","status":"publish","type":"product","link":"https:\/\/harmonium.es\/it\/producto\/morph-soft-edge\/","title":{"rendered":"Morph Soft Edge"},"content":{"rendered":"<p class=\"sc-6d40b24c-2 cTqclL\">Con il suo design continuo e audace, Morph Soft Edge crea una geometria 3D con picchi distintivi sulle pareti. La disposizione unica degli elementi massimizza la superficie acusticamente efficace. Le alette dei diversi pannelli si fondono tra loro, creando un'affascinante sfumatura di colore. Grazie al suo design, Morph Soft Edge \u00e8 anche regolabile senza problemi e si adatta all'altezza della tua stanza.<\/p>","protected":false},"excerpt":{"rendered":"<p>Con su dise\u00f1o continuo y atrevido, Morph Soft Edge crea una geometr\u00eda 3D con picos distintivos en tus paredes. La disposici\u00f3n \u00fanica de los elementos maximiza la superficie ac\u00fasticamente efectiva. Las aletas de los diferentes paneles se funden entre s\u00ed, creando un fascinante degradado de color. Gracias a su dise\u00f1o, Morph Soft Edge tambi\u00e9n es [&hellip;]<\/p>\n","protected":false},"featured_media":2314,"comment_status":"open","ping_status":"closed","template":"","meta":{"_acf_changed":false},"product_brand":[],"product_cat":[31,22],"product_tag":[],"class_list":{"0":"post-1689","1":"product","2":"type-product","3":"status-publish","4":"has-post-thumbnail","6":"product_cat-essential","7":"product_cat-paneles-de-pared","9":"first","10":"instock","11":"shipping-taxable","12":"product-type-variable"},"acf":[],"_links":{"self":[{"href":"https:\/\/harmonium.es\/it\/wp-json\/wp\/v2\/product\/1689","targetHints":{"allow":["GET"]}}],"collection":[{"href":"https:\/\/harmonium.es\/it\/wp-json\/wp\/v2\/product"}],"about":[{"href":"https:\/\/harmonium.es\/it\/wp-json\/wp\/v2\/types\/product"}],"replies":[{"embeddable":true,"href":"https:\/\/harmonium.es\/it\/wp-json\/wp\/v2\/comments?post=1689"}],"wp:featuredmedia":[{"embeddable":true,"href":"https:\/\/harmonium.es\/it\/wp-json\/wp\/v2\/media\/2314"}],"wp:attachment":[{"href":"https:\/\/harmonium.es\/it\/wp-json\/wp\/v2\/media?parent=1689"}],"wp:term":[{"taxonomy":"product_brand","embeddable":true,"href":"https:\/\/harmonium.es\/it\/wp-json\/wp\/v2\/product_brand?post=1689"},{"taxonomy":"product_cat","embeddable":true,"href":"https:\/\/harmonium.es\/it\/wp-json\/wp\/v2\/product_cat?post=1689"},{"taxonomy":"product_tag","embeddable":true,"href":"https:\/\/harmonium.es\/it\/wp-json\/wp\/v2\/product_tag?post=1689"}],"curies":[{"name":"wp","href":"https:\/\/api.w.org\/{rel}","templated":true}]}}