{"id":1584,"date":"2025-05-08T09:03:59","date_gmt":"2025-05-08T09:03:59","guid":{"rendered":"https:\/\/mimusa.pro\/harmonium\/?post_type=product&#038;p=1584"},"modified":"2026-01-29T09:12:03","modified_gmt":"2026-01-29T09:12:03","slug":"luxineco-system","status":"publish","type":"product","link":"https:\/\/harmonium.es\/it\/producto\/luxineco-system\/","title":{"rendered":"Luxineco System"},"content":{"rendered":"<p class=\"sc-6d40b24c-2 cTqclL\">Luxineco \u00e8 un sistema modulare di soffitto acustico con un design elegante che fornisce continuit\u00e0 in tutto lo spazio, con diverse densit\u00e0 e altezze di lamelle. \u00c8 un sistema autoportante e scalabile che \u00e8 facile da installare a soffitto.<\/p>","protected":false},"excerpt":{"rendered":"<p>Luxineco \u00e8 un sistema modulare di soffitto acustico con un design elegante che fornisce continuit\u00e0 in tutto lo spazio, con diverse densit\u00e0 e altezze di lamelle. \u00c8 un sistema autoportante e scalabile che \u00e8 facile da installare a soffitto.<\/p>","protected":false},"featured_media":2335,"comment_status":"open","ping_status":"closed","template":"","meta":{"_acf_changed":false},"product_brand":[],"product_cat":[37,23],"product_tag":[],"class_list":{"0":"post-1584","1":"product","2":"type-product","3":"status-publish","4":"has-post-thumbnail","6":"product_cat-essential-ceiling-panels","7":"product_cat-paneles-de-techo","9":"first","10":"instock","11":"shipping-taxable","12":"product-type-variable"},"acf":[],"_links":{"self":[{"href":"https:\/\/harmonium.es\/it\/wp-json\/wp\/v2\/product\/1584","targetHints":{"allow":["GET"]}}],"collection":[{"href":"https:\/\/harmonium.es\/it\/wp-json\/wp\/v2\/product"}],"about":[{"href":"https:\/\/harmonium.es\/it\/wp-json\/wp\/v2\/types\/product"}],"replies":[{"embeddable":true,"href":"https:\/\/harmonium.es\/it\/wp-json\/wp\/v2\/comments?post=1584"}],"wp:featuredmedia":[{"embeddable":true,"href":"https:\/\/harmonium.es\/it\/wp-json\/wp\/v2\/media\/2335"}],"wp:attachment":[{"href":"https:\/\/harmonium.es\/it\/wp-json\/wp\/v2\/media?parent=1584"}],"wp:term":[{"taxonomy":"product_brand","embeddable":true,"href":"https:\/\/harmonium.es\/it\/wp-json\/wp\/v2\/product_brand?post=1584"},{"taxonomy":"product_cat","embeddable":true,"href":"https:\/\/harmonium.es\/it\/wp-json\/wp\/v2\/product_cat?post=1584"},{"taxonomy":"product_tag","embeddable":true,"href":"https:\/\/harmonium.es\/it\/wp-json\/wp\/v2\/product_tag?post=1584"}],"curies":[{"name":"wp","href":"https:\/\/api.w.org\/{rel}","templated":true}]}}