{"id":3,"date":"2025-02-25T21:39:51","date_gmt":"2025-02-25T21:39:51","guid":{"rendered":"https:\/\/mimusa.pro\/harmonium\/?page_id=3"},"modified":"2025-09-12T11:26:12","modified_gmt":"2025-09-12T11:26:12","slug":"politica-de-privacidad","status":"publish","type":"page","link":"https:\/\/harmonium.es\/it\/politica-de-privacidad\/","title":{"rendered":"Informativa sulla privacy"},"content":{"rendered":"<h2 class=\"wp-block-heading\">Chi siamo<\/h2>\n\n\n\n<p>Nuestra direcci\u00f3n web es: <a href=\"https:\/\/harmonium.es\/it\/\">https:\/\/www.harmonium.es\/<\/a><\/p>\n\n\n\n<h2 class=\"wp-block-heading\">Commenti<\/h2>\n\n\n\n<p>Quando i visitatori lasciano commenti sul sito, raccogliamo i dati mostrati nel modulo, l\u2019indirizzo IP del visitatore e la stringa dell\u2019agente utente del browser per rilevare lo spam.<\/p>\n\n\n\n<p>Una stringa anonimizzata creata dal tuo indirizzo e-mail (hash) pu\u00f2 essere fornita al servizio Gravatar. La privacy policy di Gravatar \u00e8 disponibile qui: https:\/\/automattic.com\/privacy\/ <a>https:\/\/automattic.com\/privacy\/<\/a>Dopo l\u2019approvazione del tuo commento, la tua immagine del profilo sar\u00e0 visibile al pubblico nel contesto del commento.<\/p>\n\n\n\n<h2 class=\"wp-block-heading\">Media<\/h2>\n\n\n\n<p>Se carichi immagini sul sito, dovresti evitare di caricare immagini con dati di localizzazione incorporati (EXIF GPS). I visitatori possono scaricare ed estrarre i dati di localizzazione.<\/p>\n\n\n\n<h2 class=\"wp-block-heading\">Cookie<\/h2>\n\n\n\n<p>Se lasci un commento, puoi scegliere di salvare nome, e-mail e sito web nei cookie. Questo per tua comodit\u00e0, cos\u00ec non dovrai reinserire i dati la prossima volta. Questi cookie dureranno un anno.<\/p>\n\n\n\n<p>Se visiti la pagina di login, verr\u00e0 impostato un cookie temporaneo per verificare se il tuo browser accetta i cookie. Questo cookie non contiene dati personali e viene eliminato quando chiudi il browser.<\/p>\n\n\n\n<p>Quando accedi, verranno impostati diversi cookie per salvare le tue informazioni di accesso e le preferenze di visualizzazione. I cookie di accesso durano due giorni, quelli delle opzioni di visualizzazione un anno. Se selezioni \u201cRicordami\u201d, l\u2019accesso durer\u00e0 due settimane. Alla disconnessione i cookie di accesso verranno rimossi.<\/p>\n\n\n\n<p>Se modifichi o pubblichi un articolo, un cookie aggiuntivo verr\u00e0 salvato nel tuo browser. Questo cookie non contiene dati personali e indica semplicemente l\u2019ID dell\u2019articolo modificato. Scade dopo un giorno.<\/p>\n\n\n\n<h2 class=\"wp-block-heading\">Contenuti incorporati da altri siti web<\/h2>\n\n\n\n<p>Gli articoli di questo sito possono includere contenuti incorporati (video, immagini, articoli, ecc.). I contenuti incorporati si comportano come se il visitatore avesse visitato l\u2019altro sito.<\/p>\n\n\n\n<p>Questi siti possono raccogliere dati su di te, utilizzare cookie, incorporare tracciamenti di terze parti e monitorare la tua interazione con tali contenuti.<\/p>\n\n\n\n<h2 class=\"wp-block-heading\">Con chi condividiamo i tuoi dati<\/h2>\n\n\n\n<p>Se richiedi un reset della password, il tuo indirizzo IP sar\u00e0 incluso nell\u2019e-mail di reset.<\/p>\n\n\n\n<h2 class=\"wp-block-heading\">Per quanto tempo conserviamo i tuoi dati<\/h2>\n\n\n\n<p>Si dejas un comentario, el comentario y sus metadatos se conservan indefinidamente. Esto es para que podamos reconocer y aprobar autom\u00e1ticamente cualquier comentario de seguimiento en lugar de mantenerlo en una cola de moderaci\u00f3n.<\/p>\n\n\n\n<p>Per gli utenti registrati, archiviamo le informazioni personali fornite nel loro profilo. Tutti gli utenti possono vedere, modificare o eliminare le proprie informazioni personali in qualsiasi momento (eccetto il nome utente). Gli amministratori del sito possono visualizzare e modificare tali informazioni.<\/p>\n\n\n\n<h2 class=\"wp-block-heading\">Quali diritti hai sui tuoi dati<\/h2>\n\n\n\n<p>Se hai un account o hai lasciato commenti, puoi richiedere un file con i dati personali che conserviamo su di te. Puoi anche richiedere la cancellazione dei tuoi dati. Questo non include i dati che dobbiamo conservare per motivi legali o di sicurezza.<\/p>\n\n\n\n<h2 class=\"wp-block-heading\">Dove vengono inviati i tuoi dati<\/h2>\n\n\n\n<p>I commenti dei visitatori possono essere controllati tramite un servizio automatico di rilevamento dello spam.<\/p>\n\n\n\n<p><\/p>","protected":false},"excerpt":{"rendered":"<p>Qui\u00e9nes somos Nuestra direcci\u00f3n web es: https:\/\/www.harmonium.es\/ Comentarios Cuando los visitantes dejan comentarios en el sitio recopilamos los datos que se muestran en el formulario de comentarios, as\u00ed como la direcci\u00f3n IP del visitante y la cadena de agente de usuario del navegador para ayudar a la detecci\u00f3n de spam. Una cadena anonimizada creada a [&hellip;]<\/p>\n","protected":false},"author":1,"featured_media":0,"parent":0,"menu_order":0,"comment_status":"closed","ping_status":"closed","template":"","meta":{"_acf_changed":false,"footnotes":""},"class_list":["post-3","page","type-page","status-publish","hentry"],"acf":[],"_links":{"self":[{"href":"https:\/\/harmonium.es\/it\/wp-json\/wp\/v2\/pages\/3","targetHints":{"allow":["GET"]}}],"collection":[{"href":"https:\/\/harmonium.es\/it\/wp-json\/wp\/v2\/pages"}],"about":[{"href":"https:\/\/harmonium.es\/it\/wp-json\/wp\/v2\/types\/page"}],"author":[{"embeddable":true,"href":"https:\/\/harmonium.es\/it\/wp-json\/wp\/v2\/users\/1"}],"replies":[{"embeddable":true,"href":"https:\/\/harmonium.es\/it\/wp-json\/wp\/v2\/comments?post=3"}],"version-history":[{"count":7,"href":"https:\/\/harmonium.es\/it\/wp-json\/wp\/v2\/pages\/3\/revisions"}],"predecessor-version":[{"id":3169,"href":"https:\/\/harmonium.es\/it\/wp-json\/wp\/v2\/pages\/3\/revisions\/3169"}],"wp:attachment":[{"href":"https:\/\/harmonium.es\/it\/wp-json\/wp\/v2\/media?parent=3"}],"curies":[{"name":"wp","href":"https:\/\/api.w.org\/{rel}","templated":true}]}}