{"id":2025,"date":"2025-05-08T09:41:08","date_gmt":"2025-05-08T09:41:08","guid":{"rendered":"https:\/\/mimusa.pro\/harmonium\/?post_type=product&#038;p=2025"},"modified":"2026-01-29T08:33:46","modified_gmt":"2026-01-29T08:33:46","slug":"voroni","status":"publish","type":"product","link":"https:\/\/harmonium.es\/fr\/producto\/voroni\/","title":{"rendered":"Voronoi"},"content":{"rendered":"<p class=\"sc-6d40b24c-2 cTqclL\">Tout comme les cellules de notre corps, toutes les cellules de ce panneau d\u00e9pendent les unes des autres. Elles semblent se pousser et se tirer pour se r\u00e9partir uniform\u00e9ment sur la surface, cr\u00e9ant une collection de formes organiques et r\u00e9confortantes.<\/p>","protected":false},"excerpt":{"rendered":"<p>Tout comme les cellules de notre corps, toutes les cellules de ce panneau d\u00e9pendent les unes des autres. Elles semblent se pousser et se tirer pour se r\u00e9partir uniform\u00e9ment sur la surface, cr\u00e9ant une collection de formes organiques et r\u00e9confortantes.<\/p>","protected":false},"featured_media":2134,"comment_status":"open","ping_status":"closed","template":"","meta":{"_acf_changed":false},"product_brand":[],"product_cat":[27,44],"product_tag":[],"class_list":{"0":"post-2025","1":"product","2":"type-product","3":"status-publish","4":"has-post-thumbnail","6":"product_cat-celosias","7":"product_cat-harmony-screens","9":"first","10":"instock","11":"shipping-taxable","12":"product-type-variable"},"acf":[],"_links":{"self":[{"href":"https:\/\/harmonium.es\/fr\/wp-json\/wp\/v2\/product\/2025","targetHints":{"allow":["GET"]}}],"collection":[{"href":"https:\/\/harmonium.es\/fr\/wp-json\/wp\/v2\/product"}],"about":[{"href":"https:\/\/harmonium.es\/fr\/wp-json\/wp\/v2\/types\/product"}],"replies":[{"embeddable":true,"href":"https:\/\/harmonium.es\/fr\/wp-json\/wp\/v2\/comments?post=2025"}],"wp:featuredmedia":[{"embeddable":true,"href":"https:\/\/harmonium.es\/fr\/wp-json\/wp\/v2\/media\/2134"}],"wp:attachment":[{"href":"https:\/\/harmonium.es\/fr\/wp-json\/wp\/v2\/media?parent=2025"}],"wp:term":[{"taxonomy":"product_brand","embeddable":true,"href":"https:\/\/harmonium.es\/fr\/wp-json\/wp\/v2\/product_brand?post=2025"},{"taxonomy":"product_cat","embeddable":true,"href":"https:\/\/harmonium.es\/fr\/wp-json\/wp\/v2\/product_cat?post=2025"},{"taxonomy":"product_tag","embeddable":true,"href":"https:\/\/harmonium.es\/fr\/wp-json\/wp\/v2\/product_tag?post=2025"}],"curies":[{"name":"wp","href":"https:\/\/api.w.org\/{rel}","templated":true}]}}