{"id":2004,"date":"2025-05-08T09:40:49","date_gmt":"2025-05-08T09:40:49","guid":{"rendered":"https:\/\/mimusa.pro\/harmonium\/?post_type=product&#038;p=2004"},"modified":"2026-01-29T08:35:11","modified_gmt":"2026-01-29T08:35:11","slug":"geometric-harmony","status":"publish","type":"product","link":"https:\/\/harmonium.es\/fr\/producto\/geometric-harmony\/","title":{"rendered":"Geometric Harmony"},"content":{"rendered":"<p class=\"sc-6d40b24c-2 cTqclL\">Inspir\u00e9es du style Bauhaus, avec ses formes g\u00e9om\u00e9triques et son design abstrait, ces dalles sont id\u00e9ales pour habiller les murs. Cr\u00e9ez des compositions uniques qui apportent une touche esth\u00e9tique distinctive et aident \u00e0 contr\u00f4ler le niveau sonore.<\/p>","protected":false},"excerpt":{"rendered":"<p>Inspir\u00e9es du style Bauhaus, avec ses formes g\u00e9om\u00e9triques et son design abstrait, ces dalles sont id\u00e9ales pour habiller les murs. Cr\u00e9ez des compositions uniques qui apportent une touche esth\u00e9tique distinctive et aident \u00e0 contr\u00f4ler le niveau sonore.<\/p>","protected":false},"featured_media":2370,"comment_status":"open","ping_status":"closed","template":"","meta":{"_acf_changed":false},"product_brand":[],"product_cat":[33,22],"product_tag":[],"class_list":{"0":"post-2004","1":"product","2":"type-product","3":"status-publish","4":"has-post-thumbnail","6":"product_cat-bauhaus-by-harmonium","7":"product_cat-paneles-de-pared","9":"first","10":"instock","11":"shipping-taxable","12":"product-type-variable"},"acf":[],"_links":{"self":[{"href":"https:\/\/harmonium.es\/fr\/wp-json\/wp\/v2\/product\/2004","targetHints":{"allow":["GET"]}}],"collection":[{"href":"https:\/\/harmonium.es\/fr\/wp-json\/wp\/v2\/product"}],"about":[{"href":"https:\/\/harmonium.es\/fr\/wp-json\/wp\/v2\/types\/product"}],"replies":[{"embeddable":true,"href":"https:\/\/harmonium.es\/fr\/wp-json\/wp\/v2\/comments?post=2004"}],"wp:featuredmedia":[{"embeddable":true,"href":"https:\/\/harmonium.es\/fr\/wp-json\/wp\/v2\/media\/2370"}],"wp:attachment":[{"href":"https:\/\/harmonium.es\/fr\/wp-json\/wp\/v2\/media?parent=2004"}],"wp:term":[{"taxonomy":"product_brand","embeddable":true,"href":"https:\/\/harmonium.es\/fr\/wp-json\/wp\/v2\/product_brand?post=2004"},{"taxonomy":"product_cat","embeddable":true,"href":"https:\/\/harmonium.es\/fr\/wp-json\/wp\/v2\/product_cat?post=2004"},{"taxonomy":"product_tag","embeddable":true,"href":"https:\/\/harmonium.es\/fr\/wp-json\/wp\/v2\/product_tag?post=2004"}],"curies":[{"name":"wp","href":"https:\/\/api.w.org\/{rel}","templated":true}]}}