{"id":1983,"date":"2025-05-08T09:37:44","date_gmt":"2025-05-08T09:37:44","guid":{"rendered":"https:\/\/mimusa.pro\/harmonium\/?post_type=product&#038;p=1983"},"modified":"2026-01-29T08:36:56","modified_gmt":"2026-01-29T08:36:56","slug":"aegis","status":"publish","type":"product","link":"https:\/\/harmonium.es\/fr\/producto\/aegis\/","title":{"rendered":"Aegis"},"content":{"rendered":"<p class=\"sc-6d40b24c-2 cTqclL\">Avec ses bords pli\u00e9s, ce s\u00e9parateur ajoute une touche subtile \u00e0 son design minimaliste. Il peut \u00e9galement supporter divers petits appareils de bureau, faisant de ce panneau votre assistant id\u00e9al pour un travail concentr\u00e9.<\/p>","protected":false},"excerpt":{"rendered":"<p>Avec ses bords pli\u00e9s, ce s\u00e9parateur ajoute une touche subtile \u00e0 son design minimaliste. Il peut \u00e9galement supporter divers petits appareils de bureau, faisant de ce panneau votre assistant id\u00e9al pour un travail concentr\u00e9.<\/p>","protected":false},"featured_media":2145,"comment_status":"open","ping_status":"closed","template":"","meta":{"_acf_changed":false},"product_brand":[],"product_cat":[43,26],"product_tag":[],"class_list":{"0":"post-1983","1":"product","2":"type-product","3":"status-publish","4":"has-post-thumbnail","6":"product_cat-essential-workspace-dividers","7":"product_cat-separadores-de-escritorio","9":"first","10":"instock","11":"shipping-taxable","12":"product-type-variable"},"acf":[],"_links":{"self":[{"href":"https:\/\/harmonium.es\/fr\/wp-json\/wp\/v2\/product\/1983","targetHints":{"allow":["GET"]}}],"collection":[{"href":"https:\/\/harmonium.es\/fr\/wp-json\/wp\/v2\/product"}],"about":[{"href":"https:\/\/harmonium.es\/fr\/wp-json\/wp\/v2\/types\/product"}],"replies":[{"embeddable":true,"href":"https:\/\/harmonium.es\/fr\/wp-json\/wp\/v2\/comments?post=1983"}],"wp:featuredmedia":[{"embeddable":true,"href":"https:\/\/harmonium.es\/fr\/wp-json\/wp\/v2\/media\/2145"}],"wp:attachment":[{"href":"https:\/\/harmonium.es\/fr\/wp-json\/wp\/v2\/media?parent=1983"}],"wp:term":[{"taxonomy":"product_brand","embeddable":true,"href":"https:\/\/harmonium.es\/fr\/wp-json\/wp\/v2\/product_brand?post=1983"},{"taxonomy":"product_cat","embeddable":true,"href":"https:\/\/harmonium.es\/fr\/wp-json\/wp\/v2\/product_cat?post=1983"},{"taxonomy":"product_tag","embeddable":true,"href":"https:\/\/harmonium.es\/fr\/wp-json\/wp\/v2\/product_tag?post=1983"}],"curies":[{"name":"wp","href":"https:\/\/api.w.org\/{rel}","templated":true}]}}