{"id":1920,"date":"2025-05-08T09:33:39","date_gmt":"2025-05-08T09:33:39","guid":{"rendered":"https:\/\/mimusa.pro\/harmonium\/?post_type=product&#038;p=1920"},"modified":"2026-01-29T08:41:41","modified_gmt":"2026-01-29T08:41:41","slug":"vault","status":"publish","type":"product","link":"https:\/\/harmonium.es\/fr\/producto\/vault\/","title":{"rendered":"Vault"},"content":{"rendered":"<p class=\"sc-6d40b24c-2 cTqclL\">Ce s\u00e9parateur incarne le c\u00e9l\u00e8bre principe de conception \u00ab la forme suit la fonction \u00bb. Sa simplicit\u00e9 de forme et de montage en fait un \u00e9l\u00e9ment essentiel qui s\u2019adapte \u00e0 tout environnement.<\/p>","protected":false},"excerpt":{"rendered":"<p>Ce s\u00e9parateur incarne le c\u00e9l\u00e8bre principe de conception \u00ab la forme suit la fonction \u00bb. Sa simplicit\u00e9 de forme et de montage en fait un \u00e9l\u00e9ment essentiel qui s\u2019adapte \u00e0 tout environnement.<\/p>","protected":false},"featured_media":2137,"comment_status":"open","ping_status":"closed","template":"","meta":{"_acf_changed":false},"product_brand":[],"product_cat":[42,26],"product_tag":[],"class_list":{"0":"post-1920","1":"product","2":"type-product","3":"status-publish","4":"has-post-thumbnail","6":"product_cat-pulse-workspace-dividers","7":"product_cat-separadores-de-escritorio","9":"first","10":"instock","11":"shipping-taxable","12":"product-type-variable"},"acf":[],"_links":{"self":[{"href":"https:\/\/harmonium.es\/fr\/wp-json\/wp\/v2\/product\/1920","targetHints":{"allow":["GET"]}}],"collection":[{"href":"https:\/\/harmonium.es\/fr\/wp-json\/wp\/v2\/product"}],"about":[{"href":"https:\/\/harmonium.es\/fr\/wp-json\/wp\/v2\/types\/product"}],"replies":[{"embeddable":true,"href":"https:\/\/harmonium.es\/fr\/wp-json\/wp\/v2\/comments?post=1920"}],"wp:featuredmedia":[{"embeddable":true,"href":"https:\/\/harmonium.es\/fr\/wp-json\/wp\/v2\/media\/2137"}],"wp:attachment":[{"href":"https:\/\/harmonium.es\/fr\/wp-json\/wp\/v2\/media?parent=1920"}],"wp:term":[{"taxonomy":"product_brand","embeddable":true,"href":"https:\/\/harmonium.es\/fr\/wp-json\/wp\/v2\/product_brand?post=1920"},{"taxonomy":"product_cat","embeddable":true,"href":"https:\/\/harmonium.es\/fr\/wp-json\/wp\/v2\/product_cat?post=1920"},{"taxonomy":"product_tag","embeddable":true,"href":"https:\/\/harmonium.es\/fr\/wp-json\/wp\/v2\/product_tag?post=1920"}],"curies":[{"name":"wp","href":"https:\/\/api.w.org\/{rel}","templated":true}]}}