{"id":1899,"date":"2025-05-08T09:33:29","date_gmt":"2025-05-08T09:33:29","guid":{"rendered":"https:\/\/mimusa.pro\/harmonium\/?post_type=product&#038;p=1899"},"modified":"2026-01-29T08:42:59","modified_gmt":"2026-01-29T08:42:59","slug":"jetlag","status":"publish","type":"product","link":"https:\/\/harmonium.es\/fr\/producto\/jetlag\/","title":{"rendered":"Jetlag"},"content":{"rendered":"<p class=\"sc-6d40b24c-2 cTqclL\">JETLAG agit comme un signal d\u2019alarme, incitant \u00e0 une action consciente pour faire face \u00e0 l\u2019urgence de pr\u00e9server la sant\u00e9 de notre plan\u00e8te, inspir\u00e9 par les d\u00e9fis de la fatigue du voyage.<\/p>","protected":false},"excerpt":{"rendered":"<p>JETLAG agit comme un signal d\u2019alarme, incitant \u00e0 une action consciente pour faire face \u00e0 l\u2019urgence de pr\u00e9server la sant\u00e9 de notre plan\u00e8te, inspir\u00e9 par les d\u00e9fis de la fatigue du voyage.<\/p>","protected":false},"featured_media":2355,"comment_status":"open","ping_status":"closed","template":"","meta":{"_acf_changed":false},"product_brand":[],"product_cat":[32,22],"product_tag":[],"class_list":{"0":"post-1899","1":"product","2":"type-product","3":"status-publish","4":"has-post-thumbnail","6":"product_cat-hop-help-our-planet","7":"product_cat-paneles-de-pared","9":"first","10":"instock","11":"shipping-taxable","12":"product-type-variable"},"acf":[],"_links":{"self":[{"href":"https:\/\/harmonium.es\/fr\/wp-json\/wp\/v2\/product\/1899","targetHints":{"allow":["GET"]}}],"collection":[{"href":"https:\/\/harmonium.es\/fr\/wp-json\/wp\/v2\/product"}],"about":[{"href":"https:\/\/harmonium.es\/fr\/wp-json\/wp\/v2\/types\/product"}],"replies":[{"embeddable":true,"href":"https:\/\/harmonium.es\/fr\/wp-json\/wp\/v2\/comments?post=1899"}],"wp:featuredmedia":[{"embeddable":true,"href":"https:\/\/harmonium.es\/fr\/wp-json\/wp\/v2\/media\/2355"}],"wp:attachment":[{"href":"https:\/\/harmonium.es\/fr\/wp-json\/wp\/v2\/media?parent=1899"}],"wp:term":[{"taxonomy":"product_brand","embeddable":true,"href":"https:\/\/harmonium.es\/fr\/wp-json\/wp\/v2\/product_brand?post=1899"},{"taxonomy":"product_cat","embeddable":true,"href":"https:\/\/harmonium.es\/fr\/wp-json\/wp\/v2\/product_cat?post=1899"},{"taxonomy":"product_tag","embeddable":true,"href":"https:\/\/harmonium.es\/fr\/wp-json\/wp\/v2\/product_tag?post=1899"}],"curies":[{"name":"wp","href":"https:\/\/api.w.org\/{rel}","templated":true}]}}