{"id":1857,"date":"2025-05-08T09:29:37","date_gmt":"2025-05-08T09:29:37","guid":{"rendered":"https:\/\/mimusa.pro\/harmonium\/?post_type=product&#038;p=1857"},"modified":"2026-01-29T08:45:55","modified_gmt":"2026-01-29T08:45:55","slug":"morph-room-divider","status":"publish","type":"product","link":"https:\/\/harmonium.es\/fr\/producto\/morph-room-divider\/","title":{"rendered":"Morph Room Divider"},"content":{"rendered":"<p class=\"sc-6d40b24c-2 cTqclL\">Elegante y \u00fanico, el Separador de Ambientes Morph eleva tu habitaci\u00f3n. La disposici\u00f3n \u00fanica de los elementos maximiza la superficie ac\u00fasticamente efectiva en el espacio disponible. Gracias a su dise\u00f1o, nuestro Separador de Ambientes Morph interact\u00faa con la luz y las sombras, y puede colocarse como una pieza central o discretamente en tu habitaci\u00f3n.<\/p>\n<p class=\"sc-6d40b24c-2 cTqclL\">","protected":false},"excerpt":{"rendered":"<p>Elegante y \u00fanico, el Separador de Ambientes Morph eleva tu habitaci\u00f3n. La disposici\u00f3n \u00fanica de los elementos maximiza la superficie ac\u00fasticamente efectiva en el espacio disponible. Gracias a su dise\u00f1o, nuestro Separador de Ambientes Morph interact\u00faa con la luz y las sombras, y puede colocarse como una pieza central o discretamente en tu habitaci\u00f3n.<\/p>","protected":false},"featured_media":2156,"comment_status":"open","ping_status":"closed","template":"","meta":{"_acf_changed":false},"product_brand":[],"product_cat":[41,25],"product_tag":[],"class_list":{"0":"post-1857","1":"product","2":"type-product","3":"status-publish","4":"has-post-thumbnail","6":"product_cat-essential-room-dividers","7":"product_cat-separadores-de-ambiente","9":"first","10":"instock","11":"shipping-taxable","12":"product-type-variable"},"acf":[],"_links":{"self":[{"href":"https:\/\/harmonium.es\/fr\/wp-json\/wp\/v2\/product\/1857","targetHints":{"allow":["GET"]}}],"collection":[{"href":"https:\/\/harmonium.es\/fr\/wp-json\/wp\/v2\/product"}],"about":[{"href":"https:\/\/harmonium.es\/fr\/wp-json\/wp\/v2\/types\/product"}],"replies":[{"embeddable":true,"href":"https:\/\/harmonium.es\/fr\/wp-json\/wp\/v2\/comments?post=1857"}],"wp:featuredmedia":[{"embeddable":true,"href":"https:\/\/harmonium.es\/fr\/wp-json\/wp\/v2\/media\/2156"}],"wp:attachment":[{"href":"https:\/\/harmonium.es\/fr\/wp-json\/wp\/v2\/media?parent=1857"}],"wp:term":[{"taxonomy":"product_brand","embeddable":true,"href":"https:\/\/harmonium.es\/fr\/wp-json\/wp\/v2\/product_brand?post=1857"},{"taxonomy":"product_cat","embeddable":true,"href":"https:\/\/harmonium.es\/fr\/wp-json\/wp\/v2\/product_cat?post=1857"},{"taxonomy":"product_tag","embeddable":true,"href":"https:\/\/harmonium.es\/fr\/wp-json\/wp\/v2\/product_tag?post=1857"}],"curies":[{"name":"wp","href":"https:\/\/api.w.org\/{rel}","templated":true}]}}