{"id":1731,"date":"2025-05-08T09:16:00","date_gmt":"2025-05-08T09:16:00","guid":{"rendered":"https:\/\/mimusa.pro\/harmonium\/?post_type=product&#038;p=1731"},"modified":"2026-01-29T08:53:53","modified_gmt":"2026-01-29T08:53:53","slug":"plinth","status":"publish","type":"product","link":"https:\/\/harmonium.es\/fr\/producto\/plinth\/","title":{"rendered":"Plinth"},"content":{"rendered":"<p class=\"sc-6d40b24c-2 cTqclL\">Ce fond acoustique essentiel est bas\u00e9 sur l\u2019abstraction classique de la colonne et de la base, cr\u00e9ant un arri\u00e8re-plan calme dans ses versions sable, chameau ou \u00e9l\u00e9phant, tandis que des tons intenses comme l\u2019ara accentuent les rythmes, cr\u00e9ant un espace tr\u00e8s contemporain.<\/p>","protected":false},"excerpt":{"rendered":"<p>Ce fond acoustique essentiel est bas\u00e9 sur l\u2019abstraction classique de la colonne et de la base, cr\u00e9ant un arri\u00e8re-plan calme dans ses versions sable, chameau ou \u00e9l\u00e9phant, tandis que des tons intenses comme l\u2019ara accentuent les rythmes, cr\u00e9ant un espace tr\u00e8s contemporain.<\/p>","protected":false},"featured_media":2324,"comment_status":"open","ping_status":"closed","template":"","meta":{"_acf_changed":false},"product_brand":[],"product_cat":[31,22],"product_tag":[],"class_list":{"0":"post-1731","1":"product","2":"type-product","3":"status-publish","4":"has-post-thumbnail","6":"product_cat-essential","7":"product_cat-paneles-de-pared","9":"first","10":"instock","11":"shipping-taxable","12":"product-type-variable"},"acf":[],"_links":{"self":[{"href":"https:\/\/harmonium.es\/fr\/wp-json\/wp\/v2\/product\/1731","targetHints":{"allow":["GET"]}}],"collection":[{"href":"https:\/\/harmonium.es\/fr\/wp-json\/wp\/v2\/product"}],"about":[{"href":"https:\/\/harmonium.es\/fr\/wp-json\/wp\/v2\/types\/product"}],"replies":[{"embeddable":true,"href":"https:\/\/harmonium.es\/fr\/wp-json\/wp\/v2\/comments?post=1731"}],"wp:featuredmedia":[{"embeddable":true,"href":"https:\/\/harmonium.es\/fr\/wp-json\/wp\/v2\/media\/2324"}],"wp:attachment":[{"href":"https:\/\/harmonium.es\/fr\/wp-json\/wp\/v2\/media?parent=1731"}],"wp:term":[{"taxonomy":"product_brand","embeddable":true,"href":"https:\/\/harmonium.es\/fr\/wp-json\/wp\/v2\/product_brand?post=1731"},{"taxonomy":"product_cat","embeddable":true,"href":"https:\/\/harmonium.es\/fr\/wp-json\/wp\/v2\/product_cat?post=1731"},{"taxonomy":"product_tag","embeddable":true,"href":"https:\/\/harmonium.es\/fr\/wp-json\/wp\/v2\/product_tag?post=1731"}],"curies":[{"name":"wp","href":"https:\/\/api.w.org\/{rel}","templated":true}]}}