{"id":1647,"date":"2025-05-08T09:08:16","date_gmt":"2025-05-08T09:08:16","guid":{"rendered":"https:\/\/mimusa.pro\/harmonium\/?post_type=product&#038;p=1647"},"modified":"2026-01-29T09:06:02","modified_gmt":"2026-01-29T09:06:02","slug":"exzentric","status":"publish","type":"product","link":"https:\/\/harmonium.es\/fr\/producto\/exzentric\/","title":{"rendered":"Exzentric"},"content":{"rendered":"<p class=\"sc-6d40b24c-2 cTqclL\">La r\u00e9p\u00e9tition calme et \u00e9l\u00e9gante de la ligne cr\u00e9e un espace structur\u00e9, de g\u00e9om\u00e9trie contemporaine, auquel s\u2019ajoutent d\u2019autres aspects par la couleur. Le magn\u00e9tisme d\u2019un tableau minimaliste est \u00e9voqu\u00e9 dans la version onyx.<\/p>","protected":false},"excerpt":{"rendered":"<p>La r\u00e9p\u00e9tition calme et \u00e9l\u00e9gante de la ligne cr\u00e9e un espace structur\u00e9, de g\u00e9om\u00e9trie contemporaine, auquel s\u2019ajoutent d\u2019autres aspects par la couleur. Le magn\u00e9tisme d\u2019un tableau minimaliste est \u00e9voqu\u00e9 dans la version onyx.<\/p>","protected":false},"featured_media":2299,"comment_status":"open","ping_status":"closed","template":"","meta":{"_acf_changed":false},"product_brand":[],"product_cat":[31,22],"product_tag":[],"class_list":{"0":"post-1647","1":"product","2":"type-product","3":"status-publish","4":"has-post-thumbnail","6":"product_cat-essential","7":"product_cat-paneles-de-pared","9":"first","10":"instock","11":"shipping-taxable","12":"product-type-variable"},"acf":[],"_links":{"self":[{"href":"https:\/\/harmonium.es\/fr\/wp-json\/wp\/v2\/product\/1647","targetHints":{"allow":["GET"]}}],"collection":[{"href":"https:\/\/harmonium.es\/fr\/wp-json\/wp\/v2\/product"}],"about":[{"href":"https:\/\/harmonium.es\/fr\/wp-json\/wp\/v2\/types\/product"}],"replies":[{"embeddable":true,"href":"https:\/\/harmonium.es\/fr\/wp-json\/wp\/v2\/comments?post=1647"}],"wp:featuredmedia":[{"embeddable":true,"href":"https:\/\/harmonium.es\/fr\/wp-json\/wp\/v2\/media\/2299"}],"wp:attachment":[{"href":"https:\/\/harmonium.es\/fr\/wp-json\/wp\/v2\/media?parent=1647"}],"wp:term":[{"taxonomy":"product_brand","embeddable":true,"href":"https:\/\/harmonium.es\/fr\/wp-json\/wp\/v2\/product_brand?post=1647"},{"taxonomy":"product_cat","embeddable":true,"href":"https:\/\/harmonium.es\/fr\/wp-json\/wp\/v2\/product_cat?post=1647"},{"taxonomy":"product_tag","embeddable":true,"href":"https:\/\/harmonium.es\/fr\/wp-json\/wp\/v2\/product_tag?post=1647"}],"curies":[{"name":"wp","href":"https:\/\/api.w.org\/{rel}","templated":true}]}}