{"id":1626,"date":"2025-05-08T09:07:38","date_gmt":"2025-05-08T09:07:38","guid":{"rendered":"https:\/\/mimusa.pro\/harmonium\/?post_type=product&#038;p=1626"},"modified":"2026-04-16T06:27:49","modified_gmt":"2026-04-16T06:27:49","slug":"morph-soft-edge-pendant","status":"publish","type":"product","link":"https:\/\/harmonium.es\/fr\/producto\/morph-soft-edge-pendant\/","title":{"rendered":"Morph Soft Edge Pendant"},"content":{"rendered":"<p class=\"sc-6d40b24c-2 cTqclL\">El Morph Pendant crea un ambiente personalizado y visualmente distintivo en tu habitaci\u00f3n al interactuar con la luz y las sombras. La disposici\u00f3n \u00fanica de los elementos tambi\u00e9n maximiza la superficie ac\u00fasticamente efectiva en el espacio disponible.<\/p>","protected":false},"excerpt":{"rendered":"<p>El Morph Pendant crea un ambiente personalizado y visualmente distintivo en tu habitaci\u00f3n al interactuar con la luz y las sombras. La disposici\u00f3n \u00fanica de los elementos tambi\u00e9n maximiza la superficie ac\u00fasticamente efectiva en el espacio disponible.<\/p>","protected":false},"featured_media":2347,"comment_status":"open","ping_status":"closed","template":"","meta":{"_acf_changed":false},"product_brand":[],"product_cat":[37,23],"product_tag":[],"class_list":{"0":"post-1626","1":"product","2":"type-product","3":"status-publish","4":"has-post-thumbnail","6":"product_cat-essential-ceiling-panels","7":"product_cat-paneles-de-techo","9":"first","10":"instock","11":"shipping-taxable","12":"product-type-variable"},"acf":[],"_links":{"self":[{"href":"https:\/\/harmonium.es\/fr\/wp-json\/wp\/v2\/product\/1626","targetHints":{"allow":["GET"]}}],"collection":[{"href":"https:\/\/harmonium.es\/fr\/wp-json\/wp\/v2\/product"}],"about":[{"href":"https:\/\/harmonium.es\/fr\/wp-json\/wp\/v2\/types\/product"}],"replies":[{"embeddable":true,"href":"https:\/\/harmonium.es\/fr\/wp-json\/wp\/v2\/comments?post=1626"}],"wp:featuredmedia":[{"embeddable":true,"href":"https:\/\/harmonium.es\/fr\/wp-json\/wp\/v2\/media\/2347"}],"wp:attachment":[{"href":"https:\/\/harmonium.es\/fr\/wp-json\/wp\/v2\/media?parent=1626"}],"wp:term":[{"taxonomy":"product_brand","embeddable":true,"href":"https:\/\/harmonium.es\/fr\/wp-json\/wp\/v2\/product_brand?post=1626"},{"taxonomy":"product_cat","embeddable":true,"href":"https:\/\/harmonium.es\/fr\/wp-json\/wp\/v2\/product_cat?post=1626"},{"taxonomy":"product_tag","embeddable":true,"href":"https:\/\/harmonium.es\/fr\/wp-json\/wp\/v2\/product_tag?post=1626"}],"curies":[{"name":"wp","href":"https:\/\/api.w.org\/{rel}","templated":true}]}}