{"id":1521,"date":"2025-05-08T08:59:23","date_gmt":"2025-05-08T08:59:23","guid":{"rendered":"https:\/\/mimusa.pro\/harmonium\/?post_type=product&#038;p=1521"},"modified":"2026-01-29T09:15:15","modified_gmt":"2026-01-29T09:15:15","slug":"disruptive","status":"publish","type":"product","link":"https:\/\/harmonium.es\/fr\/producto\/disruptive\/","title":{"rendered":"Disruptive"},"content":{"rendered":"<p class=\"sc-6d40b24c-2 cTqclL\">La g\u00e9om\u00e9trie s\u2019\u00e9coule dans Disruptive, cr\u00e9ant un espace audacieux avec des couleurs dominantes comme le corail et l\u2019am\u00e9thyste, tout en apportant un dynamisme subtil et \u00e9l\u00e9gant dans les versions sable, pierre ponce ou iguane.<\/p>","protected":false},"excerpt":{"rendered":"<p>La g\u00e9om\u00e9trie s\u2019\u00e9coule dans Disruptive, cr\u00e9ant un espace audacieux avec des couleurs dominantes comme le corail et l\u2019am\u00e9thyste, tout en apportant un dynamisme subtil et \u00e9l\u00e9gant dans les versions sable, pierre ponce ou iguane.<\/p>","protected":false},"featured_media":2272,"comment_status":"open","ping_status":"closed","template":"","meta":{"_acf_changed":false},"product_brand":[],"product_cat":[30,22],"product_tag":[],"class_list":{"0":"post-1521","1":"product","2":"type-product","3":"status-publish","4":"has-post-thumbnail","6":"product_cat-harmony","7":"product_cat-paneles-de-pared","9":"first","10":"instock","11":"shipping-taxable","12":"product-type-variable"},"acf":[],"_links":{"self":[{"href":"https:\/\/harmonium.es\/fr\/wp-json\/wp\/v2\/product\/1521","targetHints":{"allow":["GET"]}}],"collection":[{"href":"https:\/\/harmonium.es\/fr\/wp-json\/wp\/v2\/product"}],"about":[{"href":"https:\/\/harmonium.es\/fr\/wp-json\/wp\/v2\/types\/product"}],"replies":[{"embeddable":true,"href":"https:\/\/harmonium.es\/fr\/wp-json\/wp\/v2\/comments?post=1521"}],"wp:featuredmedia":[{"embeddable":true,"href":"https:\/\/harmonium.es\/fr\/wp-json\/wp\/v2\/media\/2272"}],"wp:attachment":[{"href":"https:\/\/harmonium.es\/fr\/wp-json\/wp\/v2\/media?parent=1521"}],"wp:term":[{"taxonomy":"product_brand","embeddable":true,"href":"https:\/\/harmonium.es\/fr\/wp-json\/wp\/v2\/product_brand?post=1521"},{"taxonomy":"product_cat","embeddable":true,"href":"https:\/\/harmonium.es\/fr\/wp-json\/wp\/v2\/product_cat?post=1521"},{"taxonomy":"product_tag","embeddable":true,"href":"https:\/\/harmonium.es\/fr\/wp-json\/wp\/v2\/product_tag?post=1521"}],"curies":[{"name":"wp","href":"https:\/\/api.w.org\/{rel}","templated":true}]}}