{"id":1479,"date":"2025-05-08T08:56:43","date_gmt":"2025-05-08T08:56:43","guid":{"rendered":"https:\/\/mimusa.pro\/harmonium\/?post_type=product&#038;p=1479"},"modified":"2026-01-29T09:17:47","modified_gmt":"2026-01-29T09:17:47","slug":"moon-phases","status":"publish","type":"product","link":"https:\/\/harmonium.es\/fr\/producto\/moon-phases\/","title":{"rendered":"Moon Phases"},"content":{"rendered":"<p class=\"sc-6d40b24c-2 cTqclL\">Profitez de la s\u00e9r\u00e9nit\u00e9 avec Moon Phases, inspir\u00e9 des cycles lunaires rythmiques. \u00c9levez vos int\u00e9rieurs avec une \u00e9l\u00e9gance et un confort intemporels. Choisissez des couleurs neutres et sereines et envisagez de multiplier le design pour une touche de personnalit\u00e9 sophistiqu\u00e9e.<\/p>","protected":false},"excerpt":{"rendered":"<p>Profitez de la s\u00e9r\u00e9nit\u00e9 avec Moon Phases, inspir\u00e9 des cycles lunaires rythmiques. \u00c9levez vos int\u00e9rieurs avec une \u00e9l\u00e9gance et un confort intemporels. Choisissez des couleurs neutres et sereines et envisagez de multiplier le design pour une touche de personnalit\u00e9 sophistiqu\u00e9e.<\/p>","protected":false},"featured_media":2267,"comment_status":"open","ping_status":"closed","template":"","meta":{"_acf_changed":false},"product_brand":[],"product_cat":[30,22],"product_tag":[],"class_list":{"0":"post-1479","1":"product","2":"type-product","3":"status-publish","4":"has-post-thumbnail","6":"product_cat-harmony","7":"product_cat-paneles-de-pared","9":"first","10":"instock","11":"shipping-taxable","12":"product-type-variable"},"acf":[],"_links":{"self":[{"href":"https:\/\/harmonium.es\/fr\/wp-json\/wp\/v2\/product\/1479","targetHints":{"allow":["GET"]}}],"collection":[{"href":"https:\/\/harmonium.es\/fr\/wp-json\/wp\/v2\/product"}],"about":[{"href":"https:\/\/harmonium.es\/fr\/wp-json\/wp\/v2\/types\/product"}],"replies":[{"embeddable":true,"href":"https:\/\/harmonium.es\/fr\/wp-json\/wp\/v2\/comments?post=1479"}],"wp:featuredmedia":[{"embeddable":true,"href":"https:\/\/harmonium.es\/fr\/wp-json\/wp\/v2\/media\/2267"}],"wp:attachment":[{"href":"https:\/\/harmonium.es\/fr\/wp-json\/wp\/v2\/media?parent=1479"}],"wp:term":[{"taxonomy":"product_brand","embeddable":true,"href":"https:\/\/harmonium.es\/fr\/wp-json\/wp\/v2\/product_brand?post=1479"},{"taxonomy":"product_cat","embeddable":true,"href":"https:\/\/harmonium.es\/fr\/wp-json\/wp\/v2\/product_cat?post=1479"},{"taxonomy":"product_tag","embeddable":true,"href":"https:\/\/harmonium.es\/fr\/wp-json\/wp\/v2\/product_tag?post=1479"}],"curies":[{"name":"wp","href":"https:\/\/api.w.org\/{rel}","templated":true}]}}