{"id":1437,"date":"2025-05-08T08:51:39","date_gmt":"2025-05-08T08:51:39","guid":{"rendered":"https:\/\/mimusa.pro\/harmonium\/?post_type=product&#038;p=1437"},"modified":"2026-01-29T09:21:40","modified_gmt":"2026-01-29T09:21:40","slug":"petal-island-l","status":"publish","type":"product","link":"https:\/\/harmonium.es\/fr\/producto\/petal-island-l\/","title":{"rendered":"Petal Island L"},"content":{"rendered":"<p class=\"sc-6d40b24c-2 cTqclL\">Les \u00e9l\u00e9ments suspendus de type \u00eelot sont parfaits pour optimiser l\u2019acoustique d\u2019un espace tout en respectant le design original du plafond. Avec son design arrondi en forme de p\u00e9tale, il est possible de cr\u00e9er de multiples compositions \u00e0 diff\u00e9rentes hauteurs.<\/p>","protected":false},"excerpt":{"rendered":"<p>Les \u00e9l\u00e9ments suspendus de type \u00eelot sont parfaits pour optimiser l\u2019acoustique d\u2019un espace tout en respectant le design original du plafond. Avec son design arrondi en forme de p\u00e9tale, il est possible de cr\u00e9er de multiples compositions \u00e0 diff\u00e9rentes hauteurs.<\/p>","protected":false},"featured_media":2292,"comment_status":"open","ping_status":"closed","template":"","meta":{"_acf_changed":false},"product_brand":[],"product_cat":[36,23],"product_tag":[],"class_list":{"0":"post-1437","1":"product","2":"type-product","3":"status-publish","4":"has-post-thumbnail","6":"product_cat-harmony-ceiling-panels","7":"product_cat-paneles-de-techo","9":"first","10":"instock","11":"shipping-taxable","12":"product-type-variable"},"acf":[],"_links":{"self":[{"href":"https:\/\/harmonium.es\/fr\/wp-json\/wp\/v2\/product\/1437","targetHints":{"allow":["GET"]}}],"collection":[{"href":"https:\/\/harmonium.es\/fr\/wp-json\/wp\/v2\/product"}],"about":[{"href":"https:\/\/harmonium.es\/fr\/wp-json\/wp\/v2\/types\/product"}],"replies":[{"embeddable":true,"href":"https:\/\/harmonium.es\/fr\/wp-json\/wp\/v2\/comments?post=1437"}],"wp:featuredmedia":[{"embeddable":true,"href":"https:\/\/harmonium.es\/fr\/wp-json\/wp\/v2\/media\/2292"}],"wp:attachment":[{"href":"https:\/\/harmonium.es\/fr\/wp-json\/wp\/v2\/media?parent=1437"}],"wp:term":[{"taxonomy":"product_brand","embeddable":true,"href":"https:\/\/harmonium.es\/fr\/wp-json\/wp\/v2\/product_brand?post=1437"},{"taxonomy":"product_cat","embeddable":true,"href":"https:\/\/harmonium.es\/fr\/wp-json\/wp\/v2\/product_cat?post=1437"},{"taxonomy":"product_tag","embeddable":true,"href":"https:\/\/harmonium.es\/fr\/wp-json\/wp\/v2\/product_tag?post=1437"}],"curies":[{"name":"wp","href":"https:\/\/api.w.org\/{rel}","templated":true}]}}