{"id":1388,"date":"2025-05-08T08:48:32","date_gmt":"2025-05-08T08:48:32","guid":{"rendered":"https:\/\/mimusa.pro\/harmonium\/?post_type=product&#038;p=1388"},"modified":"2026-01-29T09:25:37","modified_gmt":"2026-01-29T09:25:37","slug":"moon-island-s","status":"publish","type":"product","link":"https:\/\/harmonium.es\/fr\/producto\/moon-island-s\/","title":{"rendered":"Moon Island S"},"content":{"rendered":"<p class=\"sc-6d40b24c-2 cTqclL\">Am\u00e9liorez votre espace \u00e9l\u00e9gant et raffin\u00e9 avec notre panneau acoustique Moon, inspir\u00e9 par la texture et la surface crat\u00e9ris\u00e9e de la pleine lune. Disponible dans un ton blanc ivoire, il ajoute une touche de beaut\u00e9 c\u00e9leste. Suspendez-le au plafond ou fixez-le au mur, offrant un design exceptionnel pour des int\u00e9rieurs sophistiqu\u00e9s avec une touche de bon go\u00fbt.<\/p>","protected":false},"excerpt":{"rendered":"<p>Am\u00e9liorez votre espace \u00e9l\u00e9gant et raffin\u00e9 avec notre panneau acoustique Moon, inspir\u00e9 par la texture et la surface crat\u00e9ris\u00e9e de la pleine lune. Disponible dans un ton blanc ivoire, il ajoute une touche de beaut\u00e9 c\u00e9leste. Suspendez-le au plafond ou fixez-le au mur, offrant un design exceptionnel pour des int\u00e9rieurs sophistiqu\u00e9s avec une touche de bon go\u00fbt.<\/p>","protected":false},"featured_media":2205,"comment_status":"open","ping_status":"closed","template":"","meta":{"_acf_changed":false},"product_brand":[],"product_cat":[35,23],"product_tag":[],"class_list":{"0":"post-1388","1":"product","2":"type-product","3":"status-publish","4":"has-post-thumbnail","6":"product_cat-chilwe-ceiling-panels","7":"product_cat-paneles-de-techo","9":"first","10":"instock","11":"shipping-taxable","12":"product-type-variable"},"acf":[],"_links":{"self":[{"href":"https:\/\/harmonium.es\/fr\/wp-json\/wp\/v2\/product\/1388","targetHints":{"allow":["GET"]}}],"collection":[{"href":"https:\/\/harmonium.es\/fr\/wp-json\/wp\/v2\/product"}],"about":[{"href":"https:\/\/harmonium.es\/fr\/wp-json\/wp\/v2\/types\/product"}],"replies":[{"embeddable":true,"href":"https:\/\/harmonium.es\/fr\/wp-json\/wp\/v2\/comments?post=1388"}],"wp:featuredmedia":[{"embeddable":true,"href":"https:\/\/harmonium.es\/fr\/wp-json\/wp\/v2\/media\/2205"}],"wp:attachment":[{"href":"https:\/\/harmonium.es\/fr\/wp-json\/wp\/v2\/media?parent=1388"}],"wp:term":[{"taxonomy":"product_brand","embeddable":true,"href":"https:\/\/harmonium.es\/fr\/wp-json\/wp\/v2\/product_brand?post=1388"},{"taxonomy":"product_cat","embeddable":true,"href":"https:\/\/harmonium.es\/fr\/wp-json\/wp\/v2\/product_cat?post=1388"},{"taxonomy":"product_tag","embeddable":true,"href":"https:\/\/harmonium.es\/fr\/wp-json\/wp\/v2\/product_tag?post=1388"}],"curies":[{"name":"wp","href":"https:\/\/api.w.org\/{rel}","templated":true}]}}