{"id":1290,"date":"2025-05-08T08:41:01","date_gmt":"2025-05-08T08:41:01","guid":{"rendered":"https:\/\/mimusa.pro\/harmonium\/?post_type=product&#038;p=1290"},"modified":"2026-01-29T09:33:36","modified_gmt":"2026-01-29T09:33:36","slug":"curl","status":"publish","type":"product","link":"https:\/\/harmonium.es\/fr\/producto\/curl\/","title":{"rendered":"Curl"},"content":{"rendered":"<p class=\"sc-6d40b24c-2 cTqclL\">\u00c9levez vos espaces avec Curl, inspir\u00e9 par les empreintes captivantes de la nature. Multipliez son design sur votre mur pour une \u00e9l\u00e9gance dynamique et un confort acoustique ind\u00e9niable. Choisissez parmi une gamme de tons naturels pour sublimer votre environnement avec une touche de charme naturel.<\/p>","protected":false},"excerpt":{"rendered":"<p>\u00c9levez vos espaces avec Curl, inspir\u00e9 par les empreintes captivantes de la nature. Multipliez son design sur votre mur pour une \u00e9l\u00e9gance dynamique et un confort acoustique ind\u00e9niable. Choisissez parmi une gamme de tons naturels pour sublimer votre environnement avec une touche de charme naturel.<\/p>","protected":false},"featured_media":2236,"comment_status":"open","ping_status":"closed","template":"","meta":{"_acf_changed":false},"product_brand":[],"product_cat":[29,22],"product_tag":[],"class_list":{"0":"post-1290","1":"product","2":"type-product","3":"status-publish","4":"has-post-thumbnail","6":"product_cat-chilwe","7":"product_cat-paneles-de-pared","9":"first","10":"instock","11":"shipping-taxable","12":"product-type-variable"},"acf":[],"_links":{"self":[{"href":"https:\/\/harmonium.es\/fr\/wp-json\/wp\/v2\/product\/1290","targetHints":{"allow":["GET"]}}],"collection":[{"href":"https:\/\/harmonium.es\/fr\/wp-json\/wp\/v2\/product"}],"about":[{"href":"https:\/\/harmonium.es\/fr\/wp-json\/wp\/v2\/types\/product"}],"replies":[{"embeddable":true,"href":"https:\/\/harmonium.es\/fr\/wp-json\/wp\/v2\/comments?post=1290"}],"wp:featuredmedia":[{"embeddable":true,"href":"https:\/\/harmonium.es\/fr\/wp-json\/wp\/v2\/media\/2236"}],"wp:attachment":[{"href":"https:\/\/harmonium.es\/fr\/wp-json\/wp\/v2\/media?parent=1290"}],"wp:term":[{"taxonomy":"product_brand","embeddable":true,"href":"https:\/\/harmonium.es\/fr\/wp-json\/wp\/v2\/product_brand?post=1290"},{"taxonomy":"product_cat","embeddable":true,"href":"https:\/\/harmonium.es\/fr\/wp-json\/wp\/v2\/product_cat?post=1290"},{"taxonomy":"product_tag","embeddable":true,"href":"https:\/\/harmonium.es\/fr\/wp-json\/wp\/v2\/product_tag?post=1290"}],"curies":[{"name":"wp","href":"https:\/\/api.w.org\/{rel}","templated":true}]}}