{"id":1269,"date":"2025-05-08T08:39:27","date_gmt":"2025-05-08T08:39:27","guid":{"rendered":"https:\/\/mimusa.pro\/harmonium\/?post_type=product&#038;p=1269"},"modified":"2026-01-29T09:34:38","modified_gmt":"2026-01-29T09:34:38","slug":"pebble-island","status":"publish","type":"product","link":"https:\/\/harmonium.es\/fr\/producto\/pebble-island\/","title":{"rendered":"Pebble Island"},"content":{"rendered":"<p class=\"sc-6d40b24c-2 cTqclL\">\u00c9levez votre espace avec l\u2019\u00e9l\u00e9ment acoustique Pebbles, une innovation rappelant les pierres rondes irr\u00e9guli\u00e8res. Il offre une solution acoustique polyvalente, qu\u2019il soit suspendu au plafond ou mont\u00e9 au mur. Choisissez parmi plusieurs couleurs pour cr\u00e9er des combinaisons personnalis\u00e9es et d\u00e9couvrez comment ce design distinctif apporte personnalit\u00e9 et cr\u00e9ativit\u00e9 \u00e0 votre environnement.<\/p>","protected":false},"excerpt":{"rendered":"<p>\u00c9levez votre espace avec l\u2019\u00e9l\u00e9ment acoustique Pebbles, une innovation rappelant les pierres rondes irr\u00e9guli\u00e8res. Il offre une solution acoustique polyvalente, qu\u2019il soit suspendu au plafond ou mont\u00e9 au mur. Choisissez parmi plusieurs couleurs pour cr\u00e9er des combinaisons personnalis\u00e9es et d\u00e9couvrez comment ce design distinctif apporte personnalit\u00e9 et cr\u00e9ativit\u00e9 \u00e0 votre environnement.<\/p>","protected":false},"featured_media":2192,"comment_status":"open","ping_status":"closed","template":"","meta":{"_acf_changed":false},"product_brand":[],"product_cat":[35,23],"product_tag":[],"class_list":{"0":"post-1269","1":"product","2":"type-product","3":"status-publish","4":"has-post-thumbnail","6":"product_cat-chilwe-ceiling-panels","7":"product_cat-paneles-de-techo","9":"first","10":"instock","11":"shipping-taxable","12":"product-type-variable"},"acf":[],"_links":{"self":[{"href":"https:\/\/harmonium.es\/fr\/wp-json\/wp\/v2\/product\/1269","targetHints":{"allow":["GET"]}}],"collection":[{"href":"https:\/\/harmonium.es\/fr\/wp-json\/wp\/v2\/product"}],"about":[{"href":"https:\/\/harmonium.es\/fr\/wp-json\/wp\/v2\/types\/product"}],"replies":[{"embeddable":true,"href":"https:\/\/harmonium.es\/fr\/wp-json\/wp\/v2\/comments?post=1269"}],"wp:featuredmedia":[{"embeddable":true,"href":"https:\/\/harmonium.es\/fr\/wp-json\/wp\/v2\/media\/2192"}],"wp:attachment":[{"href":"https:\/\/harmonium.es\/fr\/wp-json\/wp\/v2\/media?parent=1269"}],"wp:term":[{"taxonomy":"product_brand","embeddable":true,"href":"https:\/\/harmonium.es\/fr\/wp-json\/wp\/v2\/product_brand?post=1269"},{"taxonomy":"product_cat","embeddable":true,"href":"https:\/\/harmonium.es\/fr\/wp-json\/wp\/v2\/product_cat?post=1269"},{"taxonomy":"product_tag","embeddable":true,"href":"https:\/\/harmonium.es\/fr\/wp-json\/wp\/v2\/product_tag?post=1269"}],"curies":[{"name":"wp","href":"https:\/\/api.w.org\/{rel}","templated":true}]}}