{"id":612,"date":"2025-04-28T17:45:39","date_gmt":"2025-04-28T17:45:39","guid":{"rendered":"https:\/\/mimusa.pro\/harmonium\/?page_id=612"},"modified":"2025-07-25T09:12:45","modified_gmt":"2025-07-25T09:12:45","slug":"histoires","status":"publish","type":"page","link":"https:\/\/harmonium.es\/fr\/historias\/","title":{"rendered":"Histoires"},"content":{"rendered":"\t\t<div data-elementor-type=\"wp-page\" data-elementor-id=\"612\" class=\"elementor elementor-612\" data-elementor-post-type=\"page\">\n\t\t\t\t<div class=\"elementor-element elementor-element-d370948 e-flex e-con-boxed e-con e-parent\" data-id=\"d370948\" data-element_type=\"container\" data-e-type=\"container\" data-settings=\"{&quot;background_background&quot;:&quot;classic&quot;}\">\n\t\t\t\t\t<div class=\"e-con-inner\">\n\t\t<div class=\"elementor-element elementor-element-2faa218 e-con-full e-flex e-con e-child\" data-id=\"2faa218\" data-element_type=\"container\" data-e-type=\"container\">\n\t\t\t\t<div class=\"elementor-element elementor-element-174213d elementor-widget elementor-widget-heading\" data-id=\"174213d\" data-element_type=\"widget\" data-e-type=\"widget\" data-widget_type=\"heading.default\">\n\t\t\t\t\t<h1 class=\"elementor-heading-title elementor-size-default\">Voces de Harmonium<\/h1>\t\t\t\t<\/div>\n\t\t\t\t<\/div>\n\t\t\t\t\t<\/div>\n\t\t\t\t<\/div>\n\t\t<div class=\"elementor-element elementor-element-d172210 e-con-full e-flex e-con e-parent\" data-id=\"d172210\" data-element_type=\"container\" data-e-type=\"container\">\n\t\t<div class=\"elementor-element elementor-element-0303192 e-con-full animated-slow e-flex elementor-invisible e-con e-child\" data-id=\"0303192\" data-element_type=\"container\" data-e-type=\"container\" data-settings=\"{&quot;animation&quot;:&quot;fadeInRight&quot;}\">\n\t\t<div class=\"elementor-element elementor-element-5e59bbb e-grid e-con-full e-con e-child\" data-id=\"5e59bbb\" data-element_type=\"container\" data-e-type=\"container\">\n\t\t<div class=\"elementor-element elementor-element-e4aa074 e-con-full e-flex e-con e-child\" data-id=\"e4aa074\" data-element_type=\"container\" data-e-type=\"container\">\n\t\t<div class=\"elementor-element elementor-element-aef0e42 e-con-full e-flex e-con e-child\" data-id=\"aef0e42\" data-element_type=\"container\" data-e-type=\"container\">\n\t\t\t\t<div class=\"elementor-element elementor-element-8c74818 elementor-widget elementor-widget-heading\" data-id=\"8c74818\" data-element_type=\"widget\" data-e-type=\"widget\" data-widget_type=\"heading.default\">\n\t\t\t\t\t<h2 class=\"elementor-heading-title elementor-size-default\">Premio <br><b>Focus Open 2024\nBaden-W\u00fcrttemberg International Design Award<\/b><br>Silver<\/h2>\t\t\t\t<\/div>\n\t\t\t\t<div class=\"elementor-element elementor-element-c84c57d elementor-widget__width-initial dce_masking-none elementor-widget elementor-widget-image\" data-id=\"c84c57d\" data-element_type=\"widget\" data-e-type=\"widget\" data-widget_type=\"image.default\">\n\t\t\t\t\t\t\t\t\t\t\t\t\t\t\t<img decoding=\"async\" width=\"430\" height=\"5\" src=\"https:\/\/harmonium.es\/wp-content\/uploads\/2025\/04\/Background.svg\" class=\"attachment-full size-full wp-image-281\" alt=\"\" \/>\t\t\t\t\t\t\t\t\t\t\t\t\t\t\t<\/div>\n\t\t\t\t<div class=\"elementor-element elementor-element-29af12a elementor-widget elementor-widget-heading\" data-id=\"29af12a\" data-element_type=\"widget\" data-e-type=\"widget\" data-widget_type=\"heading.default\">\n\t\t\t\t\t<p class=\"elementor-heading-title elementor-size-default\">Mayo 2024<\/p>\t\t\t\t<\/div>\n\t\t\t\t<div class=\"elementor-element elementor-element-8920479 elementor-widget elementor-widget-text-editor\" data-id=\"8920479\" data-element_type=\"widget\" data-e-type=\"widget\" data-widget_type=\"text-editor.default\">\n\t\t\t\t\t\t\t\t\t<p><strong>Sistema Ac\u00fastico <a href=\"https:\/\/harmonium.es\/producto\/morph\/\">Morph<\/a><\/strong><\/p><p>Exposici\u00f3n en la <strong data-start=\"1490\" data-end=\"1531\">Haus der Wirtschaft Baden-W\u00fcrttemberg<\/strong> junto al resto de productos premiados.<\/p><p><strong>Moja Design<\/strong><\/p><p>Stuttgart, November 8 2024 to January 24 2025<\/p>\t\t\t\t\t\t\t\t<\/div>\n\t\t\t\t<\/div>\n\t\t\t\t<\/div>\n\t\t<div class=\"elementor-element elementor-element-55a09e2 e-con-full e-flex e-con e-child\" data-id=\"55a09e2\" data-element_type=\"container\" data-e-type=\"container\">\n\t\t\t\t<div class=\"elementor-element elementor-element-e918fe6 dce_masking-none elementor-widget elementor-widget-video\" data-id=\"e918fe6\" data-element_type=\"widget\" data-e-type=\"widget\" data-settings=\"{&quot;video_type&quot;:&quot;hosted&quot;,&quot;autoplay&quot;:&quot;yes&quot;,&quot;mute&quot;:&quot;yes&quot;,&quot;controls&quot;:&quot;yes&quot;}\" data-widget_type=\"video.default\">\n\t\t\t\t\t\t\t<div class=\"e-hosted-video elementor-wrapper elementor-open-inline\">\n\t\t\t\t\t<video class=\"elementor-video\" src=\"https:\/\/harmonium.es\/wp-content\/uploads\/2025\/06\/Akustik-System-Morph-Animation.mp4\" autoplay=\"\" controls=\"\" muted=\"muted\" controlsList=\"nodownload\"><\/video>\n\t\t\t\t<\/div>\n\t\t\t\t\t\t<\/div>\n\t\t\t\t<\/div>\n\t\t\t\t<\/div>\n\t\t\t\t<\/div>\n\t\t\t\t<\/div>\n\t\t<div class=\"elementor-element elementor-element-2d31e5f e-con-full e-flex e-con e-parent\" data-id=\"2d31e5f\" data-element_type=\"container\" data-e-type=\"container\">\n\t\t<div class=\"elementor-element elementor-element-a6a06be e-con-full animated-slow e-flex elementor-invisible e-con e-child\" data-id=\"a6a06be\" data-element_type=\"container\" data-e-type=\"container\" data-settings=\"{&quot;animation&quot;:&quot;fadeInRight&quot;}\">\n\t\t<div class=\"elementor-element elementor-element-87443a1 e-grid e-con-full e-con e-child\" data-id=\"87443a1\" data-element_type=\"container\" data-e-type=\"container\">\n\t\t<div class=\"elementor-element elementor-element-7b87fab e-con-full e-flex e-con e-child\" data-id=\"7b87fab\" data-element_type=\"container\" data-e-type=\"container\">\n\t\t\t\t<div class=\"elementor-element elementor-element-f87aeb0 dce_masking-none elementor-widget elementor-widget-image\" data-id=\"f87aeb0\" data-element_type=\"widget\" data-e-type=\"widget\" data-widget_type=\"image.default\">\n\t\t\t\t\t\t\t\t\t\t\t\t\t\t\t<img fetchpriority=\"high\" decoding=\"async\" width=\"800\" height=\"534\" src=\"https:\/\/harmonium.es\/wp-content\/uploads\/2025\/04\/storyTwo-min.png\" class=\"attachment-full size-full wp-image-694\" alt=\"\" srcset=\"https:\/\/harmonium.es\/wp-content\/uploads\/2025\/04\/storyTwo-min.png 800w, https:\/\/harmonium.es\/wp-content\/uploads\/2025\/04\/storyTwo-min-600x401.png 600w, https:\/\/harmonium.es\/wp-content\/uploads\/2025\/04\/storyTwo-min-300x200.png 300w, https:\/\/harmonium.es\/wp-content\/uploads\/2025\/04\/storyTwo-min-768x513.png 768w\" sizes=\"(max-width: 800px) 100vw, 800px\" \/>\t\t\t\t\t\t\t\t\t\t\t\t\t\t\t<\/div>\n\t\t\t\t<\/div>\n\t\t<div class=\"elementor-element elementor-element-3e2dd58 e-con-full e-flex e-con e-child\" data-id=\"3e2dd58\" data-element_type=\"container\" data-e-type=\"container\">\n\t\t<div class=\"elementor-element elementor-element-4b497f6 e-con-full e-flex e-con e-child\" data-id=\"4b497f6\" data-element_type=\"container\" data-e-type=\"container\">\n\t\t\t\t<div class=\"elementor-element elementor-element-cd41a3f elementor-widget elementor-widget-heading\" data-id=\"cd41a3f\" data-element_type=\"widget\" data-e-type=\"widget\" data-widget_type=\"heading.default\">\n\t\t\t\t\t<h2 class=\"elementor-heading-title elementor-size-default\">Lanzamiento<br><b>Workspace 2024\nParis<\/b><\/h2>\t\t\t\t<\/div>\n\t\t\t\t<div class=\"elementor-element elementor-element-feb07cf elementor-widget__width-initial dce_masking-none elementor-widget elementor-widget-image\" data-id=\"feb07cf\" data-element_type=\"widget\" data-e-type=\"widget\" data-widget_type=\"image.default\">\n\t\t\t\t\t\t\t\t\t\t\t\t\t\t\t<img decoding=\"async\" width=\"430\" height=\"5\" src=\"https:\/\/harmonium.es\/wp-content\/uploads\/2025\/04\/Background.svg\" class=\"attachment-full size-full wp-image-281\" alt=\"\" \/>\t\t\t\t\t\t\t\t\t\t\t\t\t\t\t<\/div>\n\t\t\t\t<div class=\"elementor-element elementor-element-bdf4271 elementor-widget elementor-widget-heading\" data-id=\"bdf4271\" data-element_type=\"widget\" data-e-type=\"widget\" data-widget_type=\"heading.default\">\n\t\t\t\t\t<p class=\"elementor-heading-title elementor-size-default\">Junio 2024<\/p>\t\t\t\t<\/div>\n\t\t\t\t<div class=\"elementor-element elementor-element-4479240 elementor-widget elementor-widget-text-editor\" data-id=\"4479240\" data-element_type=\"widget\" data-e-type=\"widget\" data-widget_type=\"text-editor.default\">\n\t\t\t\t\t\t\t\t\t<p>Basada en la idea de cuidar el planeta. Un concepto que revolucionar\u00e1 la industria del interiorismo y la forma de pensar en nuestras vidas.<\/p><p>Lanzamiento de marca y producto<\/p><p>Porte de Versalles, March 26,27 &amp; 28 2024<\/p>\t\t\t\t\t\t\t\t<\/div>\n\t\t\t\t<\/div>\n\t\t\t\t<\/div>\n\t\t\t\t<\/div>\n\t\t\t\t<\/div>\n\t\t\t\t<\/div>\n\t\t<div class=\"elementor-element elementor-element-0f82713 e-con-full e-flex e-con e-parent\" data-id=\"0f82713\" data-element_type=\"container\" data-e-type=\"container\">\n\t\t<div data-dce-background-image-url=\"https:\/\/harmonium.es\/wp-content\/uploads\/2025\/04\/sliderOne-min.jpg\" class=\"elementor-element elementor-element-4585989 e-con-full animated-slow e-flex elementor-invisible e-con e-child\" data-id=\"4585989\" data-element_type=\"container\" data-e-type=\"container\" data-settings=\"{&quot;background_background&quot;:&quot;classic&quot;,&quot;animation&quot;:&quot;fadeInLeft&quot;}\">\n\t\t<div class=\"elementor-element elementor-element-2621540 e-con-full e-flex e-con e-child\" data-id=\"2621540\" data-element_type=\"container\" data-e-type=\"container\">\n\t\t\t\t<div class=\"elementor-element elementor-element-c447b99 elementor-widget elementor-widget-heading\" data-id=\"c447b99\" data-element_type=\"widget\" data-e-type=\"widget\" data-widget_type=\"heading.default\">\n\t\t\t\t\t<h2 class=\"elementor-heading-title elementor-size-default\">Paris<br><b>Stand52<\/b><\/h2>\t\t\t\t<\/div>\n\t\t\t\t<div class=\"elementor-element elementor-element-626d890 elementor-widget__width-initial dce_masking-none elementor-widget elementor-widget-image\" data-id=\"626d890\" data-element_type=\"widget\" data-e-type=\"widget\" data-widget_type=\"image.default\">\n\t\t\t\t\t\t\t\t\t\t\t\t\t\t\t<img decoding=\"async\" width=\"430\" height=\"5\" src=\"https:\/\/harmonium.es\/wp-content\/uploads\/2025\/04\/Background.svg\" class=\"attachment-full size-full wp-image-281\" alt=\"\" \/>\t\t\t\t\t\t\t\t\t\t\t\t\t\t\t<\/div>\n\t\t\t\t<\/div>\n\t\t\t\t<\/div>\n\t\t\t\t<\/div>\n\t\t<div class=\"elementor-element elementor-element-3ba384e e-con-full e-flex e-con e-parent\" data-id=\"3ba384e\" data-element_type=\"container\" data-e-type=\"container\">\n\t\t<div class=\"elementor-element elementor-element-a5e4691 e-con-full animated-slow e-flex elementor-invisible e-con e-child\" data-id=\"a5e4691\" data-element_type=\"container\" data-e-type=\"container\" data-settings=\"{&quot;animation&quot;:&quot;fadeInRight&quot;}\">\n\t\t<div class=\"elementor-element elementor-element-c8d81ea e-grid e-con-full e-con e-child\" data-id=\"c8d81ea\" data-element_type=\"container\" data-e-type=\"container\">\n\t\t<div class=\"elementor-element elementor-element-8eba21c e-con-full e-flex e-con e-child\" data-id=\"8eba21c\" data-element_type=\"container\" data-e-type=\"container\">\n\t\t<div class=\"elementor-element elementor-element-30ba5ae e-con-full e-flex e-con e-child\" data-id=\"30ba5ae\" data-element_type=\"container\" data-e-type=\"container\">\n\t\t\t\t<div class=\"elementor-element elementor-element-f7e2809 elementor-widget__width-initial elementor-widget elementor-widget-heading\" data-id=\"f7e2809\" data-element_type=\"widget\" data-e-type=\"widget\" data-widget_type=\"heading.default\">\n\t\t\t\t\t<h2 class=\"elementor-heading-title elementor-size-default\">Inspiraci\u00f3n Natural<br><b>La naturaleza como fuente de creaci\u00f3n<\/b><\/h2>\t\t\t\t<\/div>\n\t\t\t\t<div class=\"elementor-element elementor-element-d38d702 elementor-widget__width-initial dce_masking-none elementor-widget elementor-widget-image\" data-id=\"d38d702\" data-element_type=\"widget\" data-e-type=\"widget\" data-widget_type=\"image.default\">\n\t\t\t\t\t\t\t\t\t\t\t\t\t\t\t<img decoding=\"async\" width=\"430\" height=\"5\" src=\"https:\/\/harmonium.es\/wp-content\/uploads\/2025\/04\/Background.svg\" class=\"attachment-full size-full wp-image-281\" alt=\"\" \/>\t\t\t\t\t\t\t\t\t\t\t\t\t\t\t<\/div>\n\t\t\t\t<div class=\"elementor-element elementor-element-ec4f8f9 elementor-widget elementor-widget-heading\" data-id=\"ec4f8f9\" data-element_type=\"widget\" data-e-type=\"widget\" data-widget_type=\"heading.default\">\n\t\t\t\t\t<p class=\"elementor-heading-title elementor-size-default\">Junio 2024<\/p>\t\t\t\t<\/div>\n\t\t\t\t<\/div>\n\t\t\t\t<div class=\"elementor-element elementor-element-f1b2ed9 elementor-widget elementor-widget-text-editor\" data-id=\"f1b2ed9\" data-element_type=\"widget\" data-e-type=\"widget\" data-widget_type=\"text-editor.default\">\n\t\t\t\t\t\t\t\t\t<p>\u02ddMe sumerjo en las texturas naturales: arena, hojas, corteza, agua&#8230;<br \/>Encuentro belleza en la irregularidad ordenada, en la organicidad de los patrones\u02dd.<\/p><p>Mi objetivo es infundir una sensaci\u00f3n de serenidad en cada espacio para crear entornos m\u00e1s humanos.<\/p><p>De la naturaleza a tus espacios, llevamos la esencia sensorial y la elegancia a cada rinc\u00f3n.<\/p><p>Clara Sull\u00e1<\/p>\t\t\t\t\t\t\t\t<\/div>\n\t\t\t\t<\/div>\n\t\t<div class=\"elementor-element elementor-element-0767a23 e-con-full e-flex e-con e-child\" data-id=\"0767a23\" data-element_type=\"container\" data-e-type=\"container\">\n\t\t\t\t<div class=\"elementor-element elementor-element-641f332 dce_masking-none elementor-widget elementor-widget-image\" data-id=\"641f332\" data-element_type=\"widget\" data-e-type=\"widget\" data-widget_type=\"image.default\">\n\t\t\t\t\t\t\t\t\t\t\t\t\t\t\t<img decoding=\"async\" width=\"1280\" height=\"851\" src=\"https:\/\/harmonium.es\/wp-content\/uploads\/2025\/04\/storyOne-min.jpeg\" class=\"attachment-full size-full wp-image-696\" alt=\"\" srcset=\"https:\/\/harmonium.es\/wp-content\/uploads\/2025\/04\/storyOne-min.jpeg 1280w, https:\/\/harmonium.es\/wp-content\/uploads\/2025\/04\/storyOne-min-600x399.jpeg 600w, https:\/\/harmonium.es\/wp-content\/uploads\/2025\/04\/storyOne-min-300x199.jpeg 300w, https:\/\/harmonium.es\/wp-content\/uploads\/2025\/04\/storyOne-min-1024x681.jpeg 1024w, https:\/\/harmonium.es\/wp-content\/uploads\/2025\/04\/storyOne-min-768x511.jpeg 768w\" sizes=\"(max-width: 1280px) 100vw, 1280px\" \/>\t\t\t\t\t\t\t\t\t\t\t\t\t\t\t<\/div>\n\t\t\t\t<\/div>\n\t\t\t\t<\/div>\n\t\t\t\t<\/div>\n\t\t\t\t<\/div>\n\t\t<div class=\"elementor-element elementor-element-ae2b523 e-flex e-con-boxed e-con e-parent\" data-id=\"ae2b523\" data-element_type=\"container\" data-e-type=\"container\">\n\t\t\t\t\t<div class=\"e-con-inner\">\n\t\t\t\t<div class=\"elementor-element elementor-element-9231a81 elementor-widget elementor-widget-heading\" data-id=\"9231a81\" data-element_type=\"widget\" data-e-type=\"widget\" data-widget_type=\"heading.default\">\n\t\t\t\t\t<h2 class=\"elementor-heading-title elementor-size-default\"><b>\u00danete al cambio<\/b><\/h2>\t\t\t\t<\/div>\n\t\t\t\t<div class=\"elementor-element elementor-element-538aa8d elementor-widget elementor-widget-text-editor\" data-id=\"538aa8d\" data-element_type=\"widget\" data-e-type=\"widget\" data-widget_type=\"text-editor.default\">\n\t\t\t\t\t\t\t\t\t<p><span style=\"font-weight: 400;\">\u00bfEst\u00e1s interesado en trabajar con nosotros?<\/span>\u00a0<span style=\"text-decoration: underline; text-decoration-color: #398d90 !important;\"><a href=\"https:\/\/harmonium.es\/contacto\/\">Cont\u00e1ctanos<\/a><\/span><\/p>\t\t\t\t\t\t\t\t<\/div>\n\t\t\t\t<div class=\"elementor-element elementor-element-6d179d5 elementor-widget elementor-widget-text-editor\" data-id=\"6d179d5\" data-element_type=\"widget\" data-e-type=\"widget\" data-widget_type=\"text-editor.default\">\n\t\t\t\t\t\t\t\t\tS\u00edguenos en IG o LinkedIn para estar al tanto de nuevos dise\u00f1os e iniciativas que mejoren la ac\u00fastica de tus espacios reduciendo el impacto ambiental.\t\t\t\t\t\t\t\t<\/div>\n\t\t\t\t\t<\/div>\n\t\t\t\t<\/div>\n\t\t<div data-dce-background-color=\"#F7FBFB\" class=\"elementor-element elementor-element-17f701a e-flex e-con-boxed e-con e-parent\" data-id=\"17f701a\" data-element_type=\"container\" data-e-type=\"container\" data-settings=\"{&quot;background_background&quot;:&quot;classic&quot;}\">\n\t\t\t\t\t<div class=\"e-con-inner\">\n\t\t<div class=\"elementor-element elementor-element-30d6fb9 e-grid e-con-full e-con e-child\" data-id=\"30d6fb9\" data-element_type=\"container\" data-e-type=\"container\">\n\t\t<div class=\"elementor-element elementor-element-3ed7f43 e-con-full e-flex e-con e-child\" data-id=\"3ed7f43\" data-element_type=\"container\" data-e-type=\"container\">\n\t\t\t\t<div class=\"elementor-element elementor-element-a45c6d5 elementor-widget elementor-widget-heading\" data-id=\"a45c6d5\" data-element_type=\"widget\" data-e-type=\"widget\" data-widget_type=\"heading.default\">\n\t\t\t\t\t<h2 class=\"elementor-heading-title elementor-size-default\">El conocimiento que transforma<\/h2>\t\t\t\t<\/div>\n\t\t\t\t<div class=\"elementor-element elementor-element-0842a32 elementor-widget elementor-widget-text-editor\" data-id=\"0842a32\" data-element_type=\"widget\" data-e-type=\"widget\" data-widget_type=\"text-editor.default\">\n\t\t\t\t\t\t\t\t\t<p>Si quieres descubrir los fundamentos de la\u00a0<strong>absorci\u00f3n ac\u00fastica<\/strong>\u00a0en espacios interiores, deja tu e-mail y benef\u00edciate de este recurso creado para apasionados del dise\u00f1o funcional y la ingenier\u00eda de sonido.<\/p>\t\t\t\t\t\t\t\t<\/div>\n\t\t\t\t<\/div>\n\t\t<div class=\"elementor-element elementor-element-476fc1d e-con-full e-flex e-con e-child\" data-id=\"476fc1d\" data-element_type=\"container\" data-e-type=\"container\">\n\t\t\t\t<div data-dce-advanced-background-color=\"#FFFFFF\" class=\"elementor-element elementor-element-2b328ec elementor-button-align-stretch elementor-widget elementor-widget-global elementor-global-2436 elementor-widget-form\" data-id=\"2b328ec\" data-element_type=\"widget\" data-e-type=\"widget\" data-settings=\"{&quot;button_width&quot;:&quot;20&quot;,&quot;button_width_mobile&quot;:&quot;20&quot;,&quot;step_next_label&quot;:&quot;Siguiente&quot;,&quot;step_previous_label&quot;:&quot;Anterior&quot;,&quot;step_type&quot;:&quot;number_text&quot;,&quot;step_icon_shape&quot;:&quot;circle&quot;,&quot;label_icon_size&quot;:{&quot;unit&quot;:&quot;px&quot;,&quot;size&quot;:&quot;&quot;,&quot;sizes&quot;:[]},&quot;field_icon_size&quot;:{&quot;unit&quot;:&quot;px&quot;,&quot;size&quot;:&quot;&quot;,&quot;sizes&quot;:[]}}\" data-widget_type=\"form.default\">\n\t\t\t\t\t\t\t<form class=\"elementor-form\" method=\"post\" name=\"Newsletter\" aria-label=\"Newsletter\" novalidate=\"\">\n\t\t\t<input type=\"hidden\" name=\"post_id\" value=\"612\"\/>\n\t\t\t<input type=\"hidden\" name=\"form_id\" value=\"2b328ec\"\/>\n\t\t\t<input type=\"hidden\" name=\"referer_title\" value=\"\" \/>\n\n\t\t\t\n\t\t\t<div class=\"elementor-form-fields-wrapper elementor-labels-\">\n\t\t\t\t\t\t\t\t<div class=\"elementor-field-type-email elementor-field-group elementor-column elementor-field-group-email elementor-col-80 elementor-sm-80 elementor-field-required\">\n\t\t\t\t\t\t\t\t\t\t\t\t<label for=\"form-field-email\" class=\"elementor-field-label elementor-screen-only\">\n\t\t\t\t\t\t\t\tCorreo\t\t\t\t\t\t\t<\/label>\n\t\t\t\t\t\t\t\t\t\t\t\t\t\t<input size=\"1\" type=\"email\" name=\"form_fields[email]\" id=\"form-field-email\" class=\"elementor-field elementor-size-md  elementor-field-textual\" placeholder=\"Tu correo electr\u00f3nico\" required=\"required\">\n\t\t\t\t\t\t\t\t\t\t\t<\/div>\n\t\t\t\t\t\t\t\t<div class=\"elementor-field-type-acceptance elementor-field-group elementor-column elementor-field-group-field_0dccc4b elementor-col-100\">\n\t\t\t\t\t\t\t<div class=\"elementor-field-subgroup\">\n\t\t\t<span class=\"elementor-field-option\">\n\t\t\t\t<input type=\"checkbox\" name=\"form_fields[field_0dccc4b]\" id=\"form-field-field_0dccc4b\" class=\"elementor-field elementor-size-md  elementor-acceptance-field\">\n\t\t\t\t<label for=\"form-field-field_0dccc4b\"><span class=\"legal\">Acepto la <a href=\"https:\/\/harmonium.es\/politica-de-privacidad\/\" target=\"_blank\">pol\u00edtica de privacidad<\/a><\/span><\/label>\t\t\t<\/span>\n\t\t<\/div>\n\t\t\t\t\t\t<\/div>\n\t\t\t\t\t\t\t\t<div class=\"elementor-field-group elementor-column elementor-field-type-submit elementor-col-20 e-form__buttons elementor-sm-20\">\n\t\t\t\t\t<button class=\"elementor-button elementor-size-md\" type=\"submit\">\n\t\t\t\t\t\t<span class=\"elementor-button-content-wrapper\">\n\t\t\t\t\t\t\t\t\t\t\t\t\t\t\t<span class=\"elementor-button-icon\">\n\t\t\t\t\t\t\t\t\t<svg aria-hidden=\"true\" class=\"e-font-icon-svg e-fas-caret-right\" viewBox=\"0 0 192 512\" xmlns=\"http:\/\/www.w3.org\/2000\/svg\"><path d=\"M0 384.662V127.338c0-17.818 21.543-26.741 34.142-14.142l128.662 128.662c7.81 7.81 7.81 20.474 0 28.284L34.142 398.804C21.543 411.404 0 402.48 0 384.662z\"><\/path><\/svg>\t\t\t\t\t\t\t\t\t\t\t\t\t\t\t\t\t\t\t<span class=\"elementor-screen-only\">Envoyer<\/span>\n\t\t\t\t\t\t\t\t\t\t\t\t\t\t\t\t\t<\/span>\n\t\t\t\t\t\t\t\t\t\t\t\t\t\t\t\t\t\t\t\t<\/span>\n\t\t\t\t\t<\/button>\n\t\t\t\t<\/div>\n\t\t\t<\/div>\n\t\t<\/form>\n\t\t\t\t\t\t<\/div>\n\t\t\t\t<\/div>\n\t\t\t\t<\/div>\n\t\t\t\t\t<\/div>\n\t\t\t\t<\/div>\n\t\t\t\t<\/div>\n\t\t","protected":false},"excerpt":{"rendered":"<p>Voces de Harmonium Premio Focus Open 2024 Baden-W\u00fcrttemberg International Design AwardSilver Mayo 2024 Sistema Ac\u00fastico Morph Exposici\u00f3n en la Haus der Wirtschaft Baden-W\u00fcrttemberg junto al resto de productos premiados. Moja Design Stuttgart, November 8 2024 to January 24 2025 https:\/\/harmonium.es\/wp-content\/uploads\/2025\/06\/Akustik-System-Morph-Animation.mp4 LanzamientoWorkspace 2024 Paris Junio 2024 Basada en la idea de cuidar el planeta. Un concepto [&hellip;]<\/p>\n","protected":false},"author":3,"featured_media":0,"parent":0,"menu_order":0,"comment_status":"closed","ping_status":"closed","template":"","meta":{"_acf_changed":false,"footnotes":""},"class_list":["post-612","page","type-page","status-publish","hentry"],"acf":[],"_links":{"self":[{"href":"https:\/\/harmonium.es\/fr\/wp-json\/wp\/v2\/pages\/612","targetHints":{"allow":["GET"]}}],"collection":[{"href":"https:\/\/harmonium.es\/fr\/wp-json\/wp\/v2\/pages"}],"about":[{"href":"https:\/\/harmonium.es\/fr\/wp-json\/wp\/v2\/types\/page"}],"author":[{"embeddable":true,"href":"https:\/\/harmonium.es\/fr\/wp-json\/wp\/v2\/users\/3"}],"replies":[{"embeddable":true,"href":"https:\/\/harmonium.es\/fr\/wp-json\/wp\/v2\/comments?post=612"}],"version-history":[{"count":27,"href":"https:\/\/harmonium.es\/fr\/wp-json\/wp\/v2\/pages\/612\/revisions"}],"predecessor-version":[{"id":4046,"href":"https:\/\/harmonium.es\/fr\/wp-json\/wp\/v2\/pages\/612\/revisions\/4046"}],"wp:attachment":[{"href":"https:\/\/harmonium.es\/fr\/wp-json\/wp\/v2\/media?parent=612"}],"curies":[{"name":"wp","href":"https:\/\/api.w.org\/{rel}","templated":true}]}}