{"id":3817,"date":"2025-11-26T08:58:42","date_gmt":"2025-11-26T08:58:42","guid":{"rendered":"https:\/\/harmonium.es\/?page_id=3817"},"modified":"2025-11-26T09:10:32","modified_gmt":"2025-11-26T09:10:32","slug":"gracias-paneles-efecto-madera","status":"publish","type":"page","link":"https:\/\/harmonium.es\/fr\/gracias-paneles-efecto-madera\/","title":{"rendered":"LP Gracias &#8211; paneles efecto madera"},"content":{"rendered":"\t\t<div data-elementor-type=\"wp-page\" data-elementor-id=\"3817\" class=\"elementor elementor-3817\" data-elementor-post-type=\"page\">\n\t\t\t\t<div class=\"elementor-element elementor-element-a5d8e43 e-flex e-con-boxed e-con e-parent\" data-id=\"a5d8e43\" data-element_type=\"container\" data-e-type=\"container\">\n\t\t\t\t\t<div class=\"e-con-inner\">\n\t\t\t\t<div class=\"elementor-element elementor-element-6a7995a elementor-widget elementor-widget-theme-site-logo elementor-widget-image\" data-id=\"6a7995a\" data-element_type=\"widget\" data-e-type=\"widget\" data-widget_type=\"theme-site-logo.default\">\n\t\t\t\t\t\t\t\t\t\t\t<a href=\"https:\/\/harmonium.es\/fr\">\n\t\t\t<img decoding=\"async\" width=\"300\" height=\"48\" src=\"https:\/\/harmonium.es\/wp-content\/uploads\/2025\/02\/logo-1.svg-1.svg\" class=\"attachment-full size-full wp-image-3181\" alt=\"\" \/>\t\t\t\t<\/a>\n\t\t\t\t\t\t\t\t\t\t\t<\/div>\n\t\t\t\t\t<\/div>\n\t\t\t\t<\/div>\n\t\t<div class=\"elementor-element elementor-element-510f34f e-flex e-con-boxed e-con e-parent\" data-id=\"510f34f\" data-element_type=\"container\" data-e-type=\"container\" data-settings=\"{&quot;background_background&quot;:&quot;classic&quot;}\">\n\t\t\t\t\t<div class=\"e-con-inner\">\n\t\t<div class=\"elementor-element elementor-element-6605a45 e-grid e-con-full e-con e-child\" data-id=\"6605a45\" data-element_type=\"container\" data-e-type=\"container\">\n\t\t<div class=\"elementor-element elementor-element-ff18d84 e-con-full e-flex e-con e-child\" data-id=\"ff18d84\" data-element_type=\"container\" data-e-type=\"container\">\n\t\t\t\t<div class=\"elementor-element elementor-element-a695f98 elementor-widget elementor-widget-heading\" data-id=\"a695f98\" data-element_type=\"widget\" data-e-type=\"widget\" data-widget_type=\"heading.default\">\n\t\t\t\t\t<h2 class=\"elementor-heading-title elementor-size-default\">\u00a1Gracias por tu solicitud!<\/h2>\t\t\t\t<\/div>\n\t\t\t\t<div class=\"elementor-element elementor-element-fa57eab elementor-widget elementor-widget-text-editor\" data-id=\"fa57eab\" data-element_type=\"widget\" data-e-type=\"widget\" data-widget_type=\"text-editor.default\">\n\t\t\t\t\t\t\t\t\t<p data-start=\"322\" data-end=\"371\">Tu cat\u00e1logo con las colecciones de paneles ac\u00fasticos efecto madera ya est\u00e1 en camino.<\/p><p data-start=\"373\" data-end=\"611\">\u00a0<\/p>\t\t\t\t\t\t\t\t<\/div>\n\t\t\t\t<\/div>\n\t\t<div class=\"elementor-element elementor-element-69eef3e e-con-full e-flex e-con e-child\" data-id=\"69eef3e\" data-element_type=\"container\" data-e-type=\"container\">\n\t\t\t\t<div class=\"elementor-element elementor-element-21e1f38 elementor-align-justify elementor-widget elementor-widget-button\" data-id=\"21e1f38\" data-element_type=\"widget\" data-e-type=\"widget\" data-widget_type=\"button.default\">\n\t\t\t\t\t\t\t\t\t\t<a class=\"elementor-button elementor-size-sm\" role=\"button\">\n\t\t\t\t\t\t<span class=\"elementor-button-content-wrapper\">\n\t\t\t\t\t\t\t\t\t<span class=\"elementor-button-text\">CREAMOS SOLUCIONES AC\u00daSTICAS A MEDIDA DE TUS IDEAS<\/span>\n\t\t\t\t\t<\/span>\n\t\t\t\t\t<\/a>\n\t\t\t\t\t\t\t\t<\/div>\n\t\t\t\t<\/div>\n\t\t\t\t<\/div>\n\t\t\t\t\t<\/div>\n\t\t\t\t<\/div>\n\t\t<div class=\"elementor-element elementor-element-254a9ed e-flex e-con-boxed e-con e-parent\" data-id=\"254a9ed\" data-element_type=\"container\" data-e-type=\"container\" data-settings=\"{&quot;background_background&quot;:&quot;classic&quot;}\">\n\t\t\t\t\t<div class=\"e-con-inner\">\n\t\t<div class=\"elementor-element elementor-element-8a1cf2c e-grid e-con-full e-con e-child\" data-id=\"8a1cf2c\" data-element_type=\"container\" data-e-type=\"container\">\n\t\t<div class=\"elementor-element elementor-element-05dbb30 e-con-full e-flex e-con e-child\" data-id=\"05dbb30\" data-element_type=\"container\" data-e-type=\"container\">\n\t\t\t\t<div class=\"elementor-element elementor-element-e83a716 dce_masking-none elementor-widget elementor-widget-image\" data-id=\"e83a716\" data-element_type=\"widget\" data-e-type=\"widget\" data-widget_type=\"image.default\">\n\t\t\t\t\t\t\t\t\t\t\t\t\t\t\t<img fetchpriority=\"high\" decoding=\"async\" width=\"739\" height=\"547\" src=\"https:\/\/harmonium.es\/wp-content\/uploads\/2025\/09\/album.png.jpg\" class=\"attachment-full size-full wp-image-3236\" alt=\"\" srcset=\"https:\/\/harmonium.es\/wp-content\/uploads\/2025\/09\/album.png.jpg 739w, https:\/\/harmonium.es\/wp-content\/uploads\/2025\/09\/album.png-300x222.jpg 300w, https:\/\/harmonium.es\/wp-content\/uploads\/2025\/09\/album.png-16x12.jpg 16w, https:\/\/harmonium.es\/wp-content\/uploads\/2025\/09\/album.png-600x444.jpg 600w\" sizes=\"(max-width: 739px) 100vw, 739px\" \/>\t\t\t\t\t\t\t\t\t\t\t\t\t\t\t<\/div>\n\t\t\t\t<\/div>\n\t\t<div class=\"elementor-element elementor-element-3de1be8 e-con-full e-flex e-con e-child\" data-id=\"3de1be8\" data-element_type=\"container\" data-e-type=\"container\">\n\t\t\t\t<div class=\"elementor-element elementor-element-82268de elementor-widget elementor-widget-heading\" data-id=\"82268de\" data-element_type=\"widget\" data-e-type=\"widget\" data-widget_type=\"heading.default\">\n\t\t\t\t\t<h2 class=\"elementor-heading-title elementor-size-default\">Inspiraci\u00f3n\nac\u00fastica para\ndise\u00f1adores de\ninteriores<\/h2>\t\t\t\t<\/div>\n\t\t\t\t<div class=\"elementor-element elementor-element-1715bd5 elementor-widget__width-initial dce_masking-none elementor-widget elementor-widget-image\" data-id=\"1715bd5\" data-element_type=\"widget\" data-e-type=\"widget\" data-widget_type=\"image.default\">\n\t\t\t\t\t\t\t\t\t\t\t\t\t\t\t<img decoding=\"async\" width=\"430\" height=\"5\" src=\"https:\/\/harmonium.es\/wp-content\/uploads\/2025\/04\/Background.svg\" class=\"attachment-full size-full wp-image-281\" alt=\"\" \/>\t\t\t\t\t\t\t\t\t\t\t\t\t\t\t<\/div>\n\t\t\t\t<div class=\"elementor-element elementor-element-eb60a49 elementor-widget elementor-widget-text-editor\" data-id=\"eb60a49\" data-element_type=\"widget\" data-e-type=\"widget\" data-widget_type=\"text-editor.default\">\n\t\t\t\t\t\t\t\t\t<ul><li data-start=\"980\" data-end=\"1023\"><p data-start=\"982\" data-end=\"1023\"><strong data-start=\"982\" data-end=\"1021\">Soluciones ac\u00fasticas personalizadas<\/strong><\/p><\/li><li data-start=\"1024\" data-end=\"1075\"><p data-start=\"1026\" data-end=\"1075\"><strong data-start=\"1026\" data-end=\"1073\">Paneles decorativos para estudios de dise\u00f1o<\/strong><\/p><\/li><li data-start=\"1076\" data-end=\"1112\"><p data-start=\"1078\" data-end=\"1112\"><strong data-start=\"1078\" data-end=\"1112\">Inspiraci\u00f3n y proyectos reales<\/strong><\/p><\/li><\/ul><p>\u00a0<\/p><p>Si est\u00e1s trabajando en un proyecto y necesitas asesoramiento t\u00e9cnico, puedes <a href=\"tel:965394011\">contactar con nosotros<\/a> y estaremos encantados de ayudarte.\u00a0<\/p>\t\t\t\t\t\t\t\t<\/div>\n\t\t\t\t<\/div>\n\t\t\t\t<\/div>\n\t\t<div data-dce-background-color=\"#F7FBFB\" class=\"elementor-element elementor-element-e4c4653 e-con-full e-flex e-con e-child\" data-id=\"e4c4653\" data-element_type=\"container\" data-e-type=\"container\" data-settings=\"{&quot;background_background&quot;:&quot;classic&quot;}\">\n\t\t<div class=\"elementor-element elementor-element-5d972f9 e-grid e-con-full e-con e-child\" data-id=\"5d972f9\" data-element_type=\"container\" data-e-type=\"container\">\n\t\t<div class=\"elementor-element elementor-element-44c987f e-con-full e-flex e-con e-child\" data-id=\"44c987f\" data-element_type=\"container\" data-e-type=\"container\">\n\t\t\t\t<div class=\"elementor-element elementor-element-1467e61 elementor-widget elementor-widget-heading\" data-id=\"1467e61\" data-element_type=\"widget\" data-e-type=\"widget\" data-widget_type=\"heading.default\">\n\t\t\t\t\t<h2 class=\"elementor-heading-title elementor-size-default\">El conocimiento que transforma<\/h2>\t\t\t\t<\/div>\n\t\t\t\t<div class=\"elementor-element elementor-element-13060a8 elementor-widget elementor-widget-text-editor\" data-id=\"13060a8\" data-element_type=\"widget\" data-e-type=\"widget\" data-widget_type=\"text-editor.default\">\n\t\t\t\t\t\t\t\t\t<p>Si quieres descubrir los fundamentos de la\u00a0<strong>absorci\u00f3n ac\u00fastica<\/strong>\u00a0en espacios interiores, deja tu e-mail y benef\u00edciate de este recurso creado para apasionados del dise\u00f1o funcional y la ingenier\u00eda de sonido.<\/p>\t\t\t\t\t\t\t\t<\/div>\n\t\t\t\t<\/div>\n\t\t<div class=\"elementor-element elementor-element-e491e5c e-con-full e-flex e-con e-child\" data-id=\"e491e5c\" data-element_type=\"container\" data-e-type=\"container\">\n\t\t\t\t<div data-dce-advanced-background-color=\"#FFFFFF\" class=\"elementor-element elementor-element-547f8d4 elementor-button-align-stretch elementor-widget elementor-widget-global elementor-global-2436 elementor-widget-form\" data-id=\"547f8d4\" data-element_type=\"widget\" data-e-type=\"widget\" data-settings=\"{&quot;button_width&quot;:&quot;20&quot;,&quot;button_width_mobile&quot;:&quot;20&quot;,&quot;step_next_label&quot;:&quot;Siguiente&quot;,&quot;step_previous_label&quot;:&quot;Anterior&quot;,&quot;step_type&quot;:&quot;number_text&quot;,&quot;step_icon_shape&quot;:&quot;circle&quot;,&quot;label_icon_size&quot;:{&quot;unit&quot;:&quot;px&quot;,&quot;size&quot;:&quot;&quot;,&quot;sizes&quot;:[]},&quot;field_icon_size&quot;:{&quot;unit&quot;:&quot;px&quot;,&quot;size&quot;:&quot;&quot;,&quot;sizes&quot;:[]}}\" data-widget_type=\"form.default\">\n\t\t\t\t\t\t\t<form class=\"elementor-form\" method=\"post\" name=\"Newsletter\" aria-label=\"Newsletter\" novalidate=\"\">\n\t\t\t<input type=\"hidden\" name=\"post_id\" value=\"3817\"\/>\n\t\t\t<input type=\"hidden\" name=\"form_id\" value=\"547f8d4\"\/>\n\t\t\t<input type=\"hidden\" name=\"referer_title\" value=\"\" \/>\n\n\t\t\t\n\t\t\t<div class=\"elementor-form-fields-wrapper elementor-labels-\">\n\t\t\t\t\t\t\t\t<div class=\"elementor-field-type-email elementor-field-group elementor-column elementor-field-group-email elementor-col-80 elementor-sm-80 elementor-field-required\">\n\t\t\t\t\t\t\t\t\t\t\t\t<label for=\"form-field-email\" class=\"elementor-field-label elementor-screen-only\">\n\t\t\t\t\t\t\t\tCorreo\t\t\t\t\t\t\t<\/label>\n\t\t\t\t\t\t\t\t\t\t\t\t\t\t<input size=\"1\" type=\"email\" name=\"form_fields[email]\" id=\"form-field-email\" class=\"elementor-field elementor-size-md  elementor-field-textual\" placeholder=\"Tu correo electr\u00f3nico\" required=\"required\">\n\t\t\t\t\t\t\t\t\t\t\t<\/div>\n\t\t\t\t\t\t\t\t<div class=\"elementor-field-type-acceptance elementor-field-group elementor-column elementor-field-group-field_0dccc4b elementor-col-100\">\n\t\t\t\t\t\t\t<div class=\"elementor-field-subgroup\">\n\t\t\t<span class=\"elementor-field-option\">\n\t\t\t\t<input type=\"checkbox\" name=\"form_fields[field_0dccc4b]\" id=\"form-field-field_0dccc4b\" class=\"elementor-field elementor-size-md  elementor-acceptance-field\">\n\t\t\t\t<label for=\"form-field-field_0dccc4b\"><span class=\"legal\">Acepto la <a href=\"https:\/\/harmonium.es\/politica-de-privacidad\/\" target=\"_blank\">pol\u00edtica de privacidad<\/a><\/span><\/label>\t\t\t<\/span>\n\t\t<\/div>\n\t\t\t\t\t\t<\/div>\n\t\t\t\t\t\t\t\t<div class=\"elementor-field-group elementor-column elementor-field-type-submit elementor-col-20 e-form__buttons elementor-sm-20\">\n\t\t\t\t\t<button class=\"elementor-button elementor-size-md\" type=\"submit\">\n\t\t\t\t\t\t<span class=\"elementor-button-content-wrapper\">\n\t\t\t\t\t\t\t\t\t\t\t\t\t\t\t<span class=\"elementor-button-icon\">\n\t\t\t\t\t\t\t\t\t<svg aria-hidden=\"true\" class=\"e-font-icon-svg e-fas-caret-right\" viewBox=\"0 0 192 512\" xmlns=\"http:\/\/www.w3.org\/2000\/svg\"><path d=\"M0 384.662V127.338c0-17.818 21.543-26.741 34.142-14.142l128.662 128.662c7.81 7.81 7.81 20.474 0 28.284L34.142 398.804C21.543 411.404 0 402.48 0 384.662z\"><\/path><\/svg>\t\t\t\t\t\t\t\t\t\t\t\t\t\t\t\t\t\t\t<span class=\"elementor-screen-only\">Envoyer<\/span>\n\t\t\t\t\t\t\t\t\t\t\t\t\t\t\t\t\t<\/span>\n\t\t\t\t\t\t\t\t\t\t\t\t\t\t\t\t\t\t\t\t<\/span>\n\t\t\t\t\t<\/button>\n\t\t\t\t<\/div>\n\t\t\t<\/div>\n\t\t<\/form>\n\t\t\t\t\t\t<\/div>\n\t\t\t\t<\/div>\n\t\t\t\t<\/div>\n\t\t\t\t<\/div>\n\t\t\t\t\t<\/div>\n\t\t\t\t<\/div>\n\t\t\t\t<\/div>\n\t\t","protected":false},"excerpt":{"rendered":"<p>\u00a1Gracias por tu solicitud! Tu cat\u00e1logo con las colecciones de paneles ac\u00fasticos efecto madera ya est\u00e1 en camino. \u00a0 CREAMOS SOLUCIONES AC\u00daSTICAS A MEDIDA DE TUS IDEAS Inspiraci\u00f3n ac\u00fastica para dise\u00f1adores de interiores Soluciones ac\u00fasticas personalizadas Paneles decorativos para estudios de dise\u00f1o Inspiraci\u00f3n y proyectos reales \u00a0 Si est\u00e1s trabajando en un proyecto y necesitas [&hellip;]<\/p>\n","protected":false},"author":3,"featured_media":0,"parent":0,"menu_order":0,"comment_status":"closed","ping_status":"closed","template":"","meta":{"_acf_changed":false,"footnotes":""},"class_list":["post-3817","page","type-page","status-publish","hentry"],"acf":[],"_links":{"self":[{"href":"https:\/\/harmonium.es\/fr\/wp-json\/wp\/v2\/pages\/3817","targetHints":{"allow":["GET"]}}],"collection":[{"href":"https:\/\/harmonium.es\/fr\/wp-json\/wp\/v2\/pages"}],"about":[{"href":"https:\/\/harmonium.es\/fr\/wp-json\/wp\/v2\/types\/page"}],"author":[{"embeddable":true,"href":"https:\/\/harmonium.es\/fr\/wp-json\/wp\/v2\/users\/3"}],"replies":[{"embeddable":true,"href":"https:\/\/harmonium.es\/fr\/wp-json\/wp\/v2\/comments?post=3817"}],"version-history":[{"count":4,"href":"https:\/\/harmonium.es\/fr\/wp-json\/wp\/v2\/pages\/3817\/revisions"}],"predecessor-version":[{"id":3821,"href":"https:\/\/harmonium.es\/fr\/wp-json\/wp\/v2\/pages\/3817\/revisions\/3821"}],"wp:attachment":[{"href":"https:\/\/harmonium.es\/fr\/wp-json\/wp\/v2\/media?parent=3817"}],"curies":[{"name":"wp","href":"https:\/\/api.w.org\/{rel}","templated":true}]}}