{"id":4255,"date":"2026-04-16T05:43:48","date_gmt":"2026-04-16T05:43:48","guid":{"rendered":"https:\/\/harmonium.es\/?post_type=product&#038;p=4255"},"modified":"2026-04-16T05:51:28","modified_gmt":"2026-04-16T05:51:28","slug":"morph-soft-edge-pendant-light","status":"publish","type":"product","link":"https:\/\/harmonium.es\/fi\/producto\/morph-soft-edge-pendant-light\/","title":{"rendered":"Morph Soft Edge Pendant Light"},"content":{"rendered":"<p class=\"sc-6d40b24c-2 cTqclL\">El Morph Pendant Light transforma tu habitaci\u00f3n en un entorno din\u00e1mico y ac\u00fasticamente optimizado. Su <strong class=\"Yjhzub\" data-sfc-root=\"c\" data-sfc-cb=\"\" data-complete=\"true\" data-processed=\"true\">fuente de luz integrada<\/strong> interact\u00faa con la estructura para proyectar un juego de luces y sombras \u00fanico, mientras que su dise\u00f1o geom\u00e9trico maximiza la absorci\u00f3n del sonido, fusionando iluminaci\u00f3n ambiental y confort ac\u00fastico en una sola pieza.<\/p>","protected":false},"excerpt":{"rendered":"<p>El Morph Pendant Light transforma tu habitaci\u00f3n en un entorno din\u00e1mico y ac\u00fasticamente optimizado. Su fuente de luz integrada interact\u00faa con la estructura para proyectar un juego de luces y sombras \u00fanico, mientras que su dise\u00f1o geom\u00e9trico maximiza la absorci\u00f3n del sonido, fusionando iluminaci\u00f3n ambiental y confort ac\u00fastico en una sola pieza.<\/p>","protected":false},"featured_media":2347,"comment_status":"open","ping_status":"closed","template":"","meta":{"_acf_changed":false},"product_brand":[],"product_cat":[37,23,83],"product_tag":[],"class_list":{"0":"post-4255","1":"product","2":"type-product","3":"status-publish","4":"has-post-thumbnail","6":"product_cat-essential-ceiling-panels","7":"product_cat-paneles-de-techo","8":"product_cat-techo","10":"first","11":"instock","12":"shipping-taxable","13":"product-type-variable"},"acf":[],"_links":{"self":[{"href":"https:\/\/harmonium.es\/fi\/wp-json\/wp\/v2\/product\/4255","targetHints":{"allow":["GET"]}}],"collection":[{"href":"https:\/\/harmonium.es\/fi\/wp-json\/wp\/v2\/product"}],"about":[{"href":"https:\/\/harmonium.es\/fi\/wp-json\/wp\/v2\/types\/product"}],"replies":[{"embeddable":true,"href":"https:\/\/harmonium.es\/fi\/wp-json\/wp\/v2\/comments?post=4255"}],"wp:featuredmedia":[{"embeddable":true,"href":"https:\/\/harmonium.es\/fi\/wp-json\/wp\/v2\/media\/2347"}],"wp:attachment":[{"href":"https:\/\/harmonium.es\/fi\/wp-json\/wp\/v2\/media?parent=4255"}],"wp:term":[{"taxonomy":"product_brand","embeddable":true,"href":"https:\/\/harmonium.es\/fi\/wp-json\/wp\/v2\/product_brand?post=4255"},{"taxonomy":"product_cat","embeddable":true,"href":"https:\/\/harmonium.es\/fi\/wp-json\/wp\/v2\/product_cat?post=4255"},{"taxonomy":"product_tag","embeddable":true,"href":"https:\/\/harmonium.es\/fi\/wp-json\/wp\/v2\/product_tag?post=4255"}],"curies":[{"name":"wp","href":"https:\/\/api.w.org\/{rel}","templated":true}]}}