{"id":2067,"date":"2025-05-08T09:46:25","date_gmt":"2025-05-08T09:46:25","guid":{"rendered":"https:\/\/mimusa.pro\/harmonium\/?post_type=product&#038;p=2067"},"modified":"2026-01-29T08:29:46","modified_gmt":"2026-01-29T08:29:46","slug":"living-geometry","status":"publish","type":"product","link":"https:\/\/harmonium.es\/fi\/producto\/living-geometry\/","title":{"rendered":"Living Geometry"},"content":{"rendered":"<p class=\"sc-6d40b24c-2 cTqclL\">\u201cLiving Geometry\u201d es una sinfon\u00eda visual en el fascinante universo del dise\u00f1o que rinde homenaje al ic\u00f3nico estilo Bauhaus.<\/p>","protected":false},"excerpt":{"rendered":"<p>\u201cLiving Geometry\u201d es una sinfon\u00eda visual en el fascinante universo del dise\u00f1o que rinde homenaje al ic\u00f3nico estilo Bauhaus.<\/p>","protected":false},"featured_media":2380,"comment_status":"open","ping_status":"closed","template":"","meta":{"_acf_changed":false},"product_brand":[],"product_cat":[33,22],"product_tag":[],"class_list":{"0":"post-2067","1":"product","2":"type-product","3":"status-publish","4":"has-post-thumbnail","6":"product_cat-bauhaus-by-harmonium","7":"product_cat-paneles-de-pared","9":"first","10":"instock","11":"shipping-taxable","12":"product-type-variable"},"acf":[],"_links":{"self":[{"href":"https:\/\/harmonium.es\/fi\/wp-json\/wp\/v2\/product\/2067","targetHints":{"allow":["GET"]}}],"collection":[{"href":"https:\/\/harmonium.es\/fi\/wp-json\/wp\/v2\/product"}],"about":[{"href":"https:\/\/harmonium.es\/fi\/wp-json\/wp\/v2\/types\/product"}],"replies":[{"embeddable":true,"href":"https:\/\/harmonium.es\/fi\/wp-json\/wp\/v2\/comments?post=2067"}],"wp:featuredmedia":[{"embeddable":true,"href":"https:\/\/harmonium.es\/fi\/wp-json\/wp\/v2\/media\/2380"}],"wp:attachment":[{"href":"https:\/\/harmonium.es\/fi\/wp-json\/wp\/v2\/media?parent=2067"}],"wp:term":[{"taxonomy":"product_brand","embeddable":true,"href":"https:\/\/harmonium.es\/fi\/wp-json\/wp\/v2\/product_brand?post=2067"},{"taxonomy":"product_cat","embeddable":true,"href":"https:\/\/harmonium.es\/fi\/wp-json\/wp\/v2\/product_cat?post=2067"},{"taxonomy":"product_tag","embeddable":true,"href":"https:\/\/harmonium.es\/fi\/wp-json\/wp\/v2\/product_tag?post=2067"}],"curies":[{"name":"wp","href":"https:\/\/api.w.org\/{rel}","templated":true}]}}