{"id":1668,"date":"2025-05-08T09:10:07","date_gmt":"2025-05-08T09:10:07","guid":{"rendered":"https:\/\/mimusa.pro\/harmonium\/?post_type=product&#038;p=1668"},"modified":"2026-01-29T09:04:49","modified_gmt":"2026-01-29T09:04:49","slug":"morph","status":"publish","type":"product","link":"https:\/\/harmonium.es\/fi\/producto\/morph\/","title":{"rendered":"Morph"},"content":{"rendered":"<p class=\"sc-6d40b24c-2 cTqclL\">Hay muchos factores que hacen que Morph sea \u00fanico. Las aletas de los diferentes paneles se mezclan entre s\u00ed, creando un fascinante gradiente de color. Gracias a su dise\u00f1o, Morph tambi\u00e9n es ajustable de forma perfecta y se adapta a la altura de tu habitaci\u00f3n.<\/p>","protected":false},"excerpt":{"rendered":"<p>Hay muchos factores que hacen que Morph sea \u00fanico. Las aletas de los diferentes paneles se mezclan entre s\u00ed, creando un fascinante gradiente de color. Gracias a su dise\u00f1o, Morph tambi\u00e9n es ajustable de forma perfecta y se adapta a la altura de tu habitaci\u00f3n.<\/p>","protected":false},"featured_media":2309,"comment_status":"open","ping_status":"closed","template":"","meta":{"_acf_changed":false},"product_brand":[],"product_cat":[31,22],"product_tag":[],"class_list":{"0":"post-1668","1":"product","2":"type-product","3":"status-publish","4":"has-post-thumbnail","6":"product_cat-essential","7":"product_cat-paneles-de-pared","9":"first","10":"instock","11":"shipping-taxable","12":"product-type-variable"},"acf":[],"_links":{"self":[{"href":"https:\/\/harmonium.es\/fi\/wp-json\/wp\/v2\/product\/1668","targetHints":{"allow":["GET"]}}],"collection":[{"href":"https:\/\/harmonium.es\/fi\/wp-json\/wp\/v2\/product"}],"about":[{"href":"https:\/\/harmonium.es\/fi\/wp-json\/wp\/v2\/types\/product"}],"replies":[{"embeddable":true,"href":"https:\/\/harmonium.es\/fi\/wp-json\/wp\/v2\/comments?post=1668"}],"wp:featuredmedia":[{"embeddable":true,"href":"https:\/\/harmonium.es\/fi\/wp-json\/wp\/v2\/media\/2309"}],"wp:attachment":[{"href":"https:\/\/harmonium.es\/fi\/wp-json\/wp\/v2\/media?parent=1668"}],"wp:term":[{"taxonomy":"product_brand","embeddable":true,"href":"https:\/\/harmonium.es\/fi\/wp-json\/wp\/v2\/product_brand?post=1668"},{"taxonomy":"product_cat","embeddable":true,"href":"https:\/\/harmonium.es\/fi\/wp-json\/wp\/v2\/product_cat?post=1668"},{"taxonomy":"product_tag","embeddable":true,"href":"https:\/\/harmonium.es\/fi\/wp-json\/wp\/v2\/product_tag?post=1668"}],"curies":[{"name":"wp","href":"https:\/\/api.w.org\/{rel}","templated":true}]}}