{"id":1605,"date":"2025-05-08T09:04:53","date_gmt":"2025-05-08T09:04:53","guid":{"rendered":"https:\/\/mimusa.pro\/harmonium\/?post_type=product&#038;p=1605"},"modified":"2026-01-29T09:09:59","modified_gmt":"2026-01-29T09:09:59","slug":"cube","status":"publish","type":"product","link":"https:\/\/harmonium.es\/fi\/producto\/cube\/","title":{"rendered":"Cube"},"content":{"rendered":"<p class=\"sc-6d40b24c-2 cTqclL\">Como un tablero de ajedrez desestructurado, este dise\u00f1o geom\u00e9trico tiene un car\u00e1cter tridimensional gracias a los cortes realizados en el panel. Levanta sutilmente las pesta\u00f1as para generar nuevos vol\u00famenes que dar\u00e1n dinamismo al espacio.<\/p>","protected":false},"excerpt":{"rendered":"<p>Como un tablero de ajedrez desestructurado, este dise\u00f1o geom\u00e9trico tiene un car\u00e1cter tridimensional gracias a los cortes realizados en el panel. Levanta sutilmente las pesta\u00f1as para generar nuevos vol\u00famenes que dar\u00e1n dinamismo al espacio.<\/p>","protected":false},"featured_media":2286,"comment_status":"open","ping_status":"closed","template":"","meta":{"_acf_changed":false},"product_brand":[],"product_cat":[31,22],"product_tag":[],"class_list":{"0":"post-1605","1":"product","2":"type-product","3":"status-publish","4":"has-post-thumbnail","6":"product_cat-essential","7":"product_cat-paneles-de-pared","9":"first","10":"instock","11":"shipping-taxable","12":"product-type-variable"},"acf":[],"_links":{"self":[{"href":"https:\/\/harmonium.es\/fi\/wp-json\/wp\/v2\/product\/1605","targetHints":{"allow":["GET"]}}],"collection":[{"href":"https:\/\/harmonium.es\/fi\/wp-json\/wp\/v2\/product"}],"about":[{"href":"https:\/\/harmonium.es\/fi\/wp-json\/wp\/v2\/types\/product"}],"replies":[{"embeddable":true,"href":"https:\/\/harmonium.es\/fi\/wp-json\/wp\/v2\/comments?post=1605"}],"wp:featuredmedia":[{"embeddable":true,"href":"https:\/\/harmonium.es\/fi\/wp-json\/wp\/v2\/media\/2286"}],"wp:attachment":[{"href":"https:\/\/harmonium.es\/fi\/wp-json\/wp\/v2\/media?parent=1605"}],"wp:term":[{"taxonomy":"product_brand","embeddable":true,"href":"https:\/\/harmonium.es\/fi\/wp-json\/wp\/v2\/product_brand?post=1605"},{"taxonomy":"product_cat","embeddable":true,"href":"https:\/\/harmonium.es\/fi\/wp-json\/wp\/v2\/product_cat?post=1605"},{"taxonomy":"product_tag","embeddable":true,"href":"https:\/\/harmonium.es\/fi\/wp-json\/wp\/v2\/product_tag?post=1605"}],"curies":[{"name":"wp","href":"https:\/\/api.w.org\/{rel}","templated":true}]}}