{"id":1311,"date":"2025-05-08T08:44:00","date_gmt":"2025-05-08T08:44:00","guid":{"rendered":"https:\/\/mimusa.pro\/harmonium\/?post_type=product&#038;p=1311"},"modified":"2026-01-29T09:32:11","modified_gmt":"2026-01-29T09:32:11","slug":"hills","status":"publish","type":"product","link":"https:\/\/harmonium.es\/fi\/producto\/hills\/","title":{"rendered":"Hills"},"content":{"rendered":"<p class=\"sc-6d40b24c-2 cTqclL\">Un dise\u00f1o equilibrado con curvas dispuestas arm\u00f3nicamente a lo largo del panel, generando un ritmo agradable como si fueran monta\u00f1as. Aumenta el confort ac\u00fastico de tu espacio a\u00f1adiendo un elemento decorativo a tus paredes.<\/p>","protected":false},"excerpt":{"rendered":"<p>Un dise\u00f1o equilibrado con curvas dispuestas arm\u00f3nicamente a lo largo del panel, generando un ritmo agradable como si fueran monta\u00f1as. Aumenta el confort ac\u00fastico de tu espacio a\u00f1adiendo un elemento decorativo a tus paredes.<\/p>","protected":false},"featured_media":2241,"comment_status":"open","ping_status":"closed","template":"","meta":{"_acf_changed":false},"product_brand":[],"product_cat":[29,22],"product_tag":[],"class_list":{"0":"post-1311","1":"product","2":"type-product","3":"status-publish","4":"has-post-thumbnail","6":"product_cat-chilwe","7":"product_cat-paneles-de-pared","9":"first","10":"instock","11":"shipping-taxable","12":"product-type-variable"},"acf":[],"_links":{"self":[{"href":"https:\/\/harmonium.es\/fi\/wp-json\/wp\/v2\/product\/1311","targetHints":{"allow":["GET"]}}],"collection":[{"href":"https:\/\/harmonium.es\/fi\/wp-json\/wp\/v2\/product"}],"about":[{"href":"https:\/\/harmonium.es\/fi\/wp-json\/wp\/v2\/types\/product"}],"replies":[{"embeddable":true,"href":"https:\/\/harmonium.es\/fi\/wp-json\/wp\/v2\/comments?post=1311"}],"wp:featuredmedia":[{"embeddable":true,"href":"https:\/\/harmonium.es\/fi\/wp-json\/wp\/v2\/media\/2241"}],"wp:attachment":[{"href":"https:\/\/harmonium.es\/fi\/wp-json\/wp\/v2\/media?parent=1311"}],"wp:term":[{"taxonomy":"product_brand","embeddable":true,"href":"https:\/\/harmonium.es\/fi\/wp-json\/wp\/v2\/product_brand?post=1311"},{"taxonomy":"product_cat","embeddable":true,"href":"https:\/\/harmonium.es\/fi\/wp-json\/wp\/v2\/product_cat?post=1311"},{"taxonomy":"product_tag","embeddable":true,"href":"https:\/\/harmonium.es\/fi\/wp-json\/wp\/v2\/product_tag?post=1311"}],"curies":[{"name":"wp","href":"https:\/\/api.w.org\/{rel}","templated":true}]}}