{"id":1248,"date":"2025-05-08T08:38:24","date_gmt":"2025-05-08T08:38:24","guid":{"rendered":"https:\/\/mimusa.pro\/harmonium\/?post_type=product&#038;p=1248"},"modified":"2026-01-29T09:35:47","modified_gmt":"2026-01-29T09:35:47","slug":"singular-arch","status":"publish","type":"product","link":"https:\/\/harmonium.es\/fi\/producto\/singular-arch\/","title":{"rendered":"Singular Arch"},"content":{"rendered":"<p class=\"sc-6d40b24c-2 cTqclL\">La repetici\u00f3n del arco cl\u00e1sico en su forma m\u00e1s delgada y sutil crea un fondo contempor\u00e1neo y elegante, donde el panel ac\u00fastico es el protagonista de un espacio extremadamente formal en sus versiones sand, onyx, iguana o amethyst, mientras crea un espacio c\u00f3modo y animado en las versiones sakura o canary.<\/p>","protected":false},"excerpt":{"rendered":"<p>La repetici\u00f3n del arco cl\u00e1sico en su forma m\u00e1s delgada y sutil crea un fondo contempor\u00e1neo y elegante, donde el panel ac\u00fastico es el protagonista de un espacio extremadamente formal en sus versiones sand, onyx, iguana o amethyst, mientras crea un espacio c\u00f3modo y animado en las versiones sakura o canary.<\/p>","protected":false},"featured_media":2231,"comment_status":"open","ping_status":"closed","template":"","meta":{"_acf_changed":false},"product_brand":[],"product_cat":[22,28],"product_tag":[],"class_list":{"0":"post-1248","1":"product","2":"type-product","3":"status-publish","4":"has-post-thumbnail","6":"product_cat-paneles-de-pared","7":"product_cat-pulse","9":"first","10":"instock","11":"shipping-taxable","12":"product-type-variable"},"acf":[],"_links":{"self":[{"href":"https:\/\/harmonium.es\/fi\/wp-json\/wp\/v2\/product\/1248","targetHints":{"allow":["GET"]}}],"collection":[{"href":"https:\/\/harmonium.es\/fi\/wp-json\/wp\/v2\/product"}],"about":[{"href":"https:\/\/harmonium.es\/fi\/wp-json\/wp\/v2\/types\/product"}],"replies":[{"embeddable":true,"href":"https:\/\/harmonium.es\/fi\/wp-json\/wp\/v2\/comments?post=1248"}],"wp:featuredmedia":[{"embeddable":true,"href":"https:\/\/harmonium.es\/fi\/wp-json\/wp\/v2\/media\/2231"}],"wp:attachment":[{"href":"https:\/\/harmonium.es\/fi\/wp-json\/wp\/v2\/media?parent=1248"}],"wp:term":[{"taxonomy":"product_brand","embeddable":true,"href":"https:\/\/harmonium.es\/fi\/wp-json\/wp\/v2\/product_brand?post=1248"},{"taxonomy":"product_cat","embeddable":true,"href":"https:\/\/harmonium.es\/fi\/wp-json\/wp\/v2\/product_cat?post=1248"},{"taxonomy":"product_tag","embeddable":true,"href":"https:\/\/harmonium.es\/fi\/wp-json\/wp\/v2\/product_tag?post=1248"}],"curies":[{"name":"wp","href":"https:\/\/api.w.org\/{rel}","templated":true}]}}