{"id":1206,"date":"2025-05-08T08:34:48","date_gmt":"2025-05-08T08:34:48","guid":{"rendered":"https:\/\/mimusa.pro\/harmonium\/?post_type=product&#038;p=1206"},"modified":"2026-01-29T09:38:31","modified_gmt":"2026-01-29T09:38:31","slug":"flow","status":"publish","type":"product","link":"https:\/\/harmonium.es\/fi\/producto\/flow\/","title":{"rendered":"Flow"},"content":{"rendered":"<p class=\"sc-6d40b24c-2 cTqclL\">El t\u00e9rmino Flow define aqu\u00ed un espacio c\u00f3modo pero tambi\u00e9n elegante. En Flow, arco y l\u00ednea fluyen para crear un ritmo fresco y contempor\u00e1neo. El color a\u00f1ade sutilezas, construyendo un espacio sutil y calmado en las versiones arena, piedra p\u00f3mez o iguana, mientras que con guacamayo, jade o amatista, el fondo se convierte en protagonista. Sakura crea un espacio animado y fresco.<\/p>","protected":false},"excerpt":{"rendered":"<p>El t\u00e9rmino Flow define aqu\u00ed un espacio c\u00f3modo pero tambi\u00e9n elegante. En Flow, arco y l\u00ednea fluyen para crear un ritmo fresco y contempor\u00e1neo. El color a\u00f1ade sutilezas, construyendo un espacio sutil y calmado en las versiones arena, piedra p\u00f3mez o iguana, mientras que con guacamayo, jade o amatista, el fondo se convierte en protagonista. [&hellip;]<\/p>\n","protected":false},"featured_media":2226,"comment_status":"open","ping_status":"closed","template":"","meta":{"_acf_changed":false},"product_brand":[],"product_cat":[22,28],"product_tag":[],"class_list":{"0":"post-1206","1":"product","2":"type-product","3":"status-publish","4":"has-post-thumbnail","6":"product_cat-paneles-de-pared","7":"product_cat-pulse","9":"first","10":"instock","11":"shipping-taxable","12":"product-type-variable"},"acf":[],"_links":{"self":[{"href":"https:\/\/harmonium.es\/fi\/wp-json\/wp\/v2\/product\/1206","targetHints":{"allow":["GET"]}}],"collection":[{"href":"https:\/\/harmonium.es\/fi\/wp-json\/wp\/v2\/product"}],"about":[{"href":"https:\/\/harmonium.es\/fi\/wp-json\/wp\/v2\/types\/product"}],"replies":[{"embeddable":true,"href":"https:\/\/harmonium.es\/fi\/wp-json\/wp\/v2\/comments?post=1206"}],"wp:featuredmedia":[{"embeddable":true,"href":"https:\/\/harmonium.es\/fi\/wp-json\/wp\/v2\/media\/2226"}],"wp:attachment":[{"href":"https:\/\/harmonium.es\/fi\/wp-json\/wp\/v2\/media?parent=1206"}],"wp:term":[{"taxonomy":"product_brand","embeddable":true,"href":"https:\/\/harmonium.es\/fi\/wp-json\/wp\/v2\/product_brand?post=1206"},{"taxonomy":"product_cat","embeddable":true,"href":"https:\/\/harmonium.es\/fi\/wp-json\/wp\/v2\/product_cat?post=1206"},{"taxonomy":"product_tag","embeddable":true,"href":"https:\/\/harmonium.es\/fi\/wp-json\/wp\/v2\/product_tag?post=1206"}],"curies":[{"name":"wp","href":"https:\/\/api.w.org\/{rel}","templated":true}]}}