{"id":1143,"date":"2025-05-08T08:23:42","date_gmt":"2025-05-08T08:23:42","guid":{"rendered":"https:\/\/mimusa.pro\/harmonium\/?post_type=product&#038;p=1143"},"modified":"2026-01-29T09:41:49","modified_gmt":"2026-01-29T09:41:49","slug":"fragments","status":"publish","type":"product","link":"https:\/\/harmonium.es\/fi\/producto\/fragments\/","title":{"rendered":"Fragments"},"content":{"rendered":"<p class=\"sc-6d40b24c-2 cTqclL\">Pi\u00e9rdete en este patr\u00f3n verdaderamente cautivador y descubre c\u00f3mo una forma aparentemente simple puede formar una hermosa obra de arte en tu oficina o hogar.<\/p>","protected":false},"excerpt":{"rendered":"<p>Pi\u00e9rdete en este patr\u00f3n verdaderamente cautivador y descubre c\u00f3mo una forma aparentemente simple puede formar una hermosa obra de arte en tu oficina o hogar.<\/p>","protected":false},"featured_media":2216,"comment_status":"open","ping_status":"closed","template":"","meta":{"_acf_changed":false},"product_brand":[],"product_cat":[22,28],"product_tag":[],"class_list":{"0":"post-1143","1":"product","2":"type-product","3":"status-publish","4":"has-post-thumbnail","6":"product_cat-paneles-de-pared","7":"product_cat-pulse","9":"first","10":"instock","11":"shipping-taxable","12":"product-type-variable"},"acf":[],"_links":{"self":[{"href":"https:\/\/harmonium.es\/fi\/wp-json\/wp\/v2\/product\/1143","targetHints":{"allow":["GET"]}}],"collection":[{"href":"https:\/\/harmonium.es\/fi\/wp-json\/wp\/v2\/product"}],"about":[{"href":"https:\/\/harmonium.es\/fi\/wp-json\/wp\/v2\/types\/product"}],"replies":[{"embeddable":true,"href":"https:\/\/harmonium.es\/fi\/wp-json\/wp\/v2\/comments?post=1143"}],"wp:featuredmedia":[{"embeddable":true,"href":"https:\/\/harmonium.es\/fi\/wp-json\/wp\/v2\/media\/2216"}],"wp:attachment":[{"href":"https:\/\/harmonium.es\/fi\/wp-json\/wp\/v2\/media?parent=1143"}],"wp:term":[{"taxonomy":"product_brand","embeddable":true,"href":"https:\/\/harmonium.es\/fi\/wp-json\/wp\/v2\/product_brand?post=1143"},{"taxonomy":"product_cat","embeddable":true,"href":"https:\/\/harmonium.es\/fi\/wp-json\/wp\/v2\/product_cat?post=1143"},{"taxonomy":"product_tag","embeddable":true,"href":"https:\/\/harmonium.es\/fi\/wp-json\/wp\/v2\/product_tag?post=1143"}],"curies":[{"name":"wp","href":"https:\/\/api.w.org\/{rel}","templated":true}]}}