{"id":1101,"date":"2025-05-08T07:58:54","date_gmt":"2025-05-08T07:58:54","guid":{"rendered":"https:\/\/mimusa.pro\/harmonium\/?post_type=product&#038;p=1101"},"modified":"2026-01-29T09:44:16","modified_gmt":"2026-01-29T09:44:16","slug":"geometric","status":"publish","type":"product","link":"https:\/\/harmonium.es\/fi\/producto\/geometric\/","title":{"rendered":"Geometric"},"content":{"rendered":"<p class=\"sc-6d40b24c-2 cTqclL\">El dise\u00f1o geom\u00e9trico es atemporal y las formas c\u00fabicas se combinan en un panel de pared sencillo. Asegura paredes elegantes que se mezclan perfectamente con el fondo de tu interior.<\/p>","protected":false},"excerpt":{"rendered":"<p>El dise\u00f1o geom\u00e9trico es atemporal y las formas c\u00fabicas se combinan en un panel de pared sencillo. Asegura paredes elegantes que se mezclan perfectamente con el fondo de tu interior.<\/p>","protected":false},"featured_media":2210,"comment_status":"open","ping_status":"closed","template":"","meta":{"_acf_changed":false},"product_brand":[],"product_cat":[22,28],"product_tag":[],"class_list":{"0":"post-1101","1":"product","2":"type-product","3":"status-publish","4":"has-post-thumbnail","6":"product_cat-paneles-de-pared","7":"product_cat-pulse","9":"first","10":"instock","11":"shipping-taxable","12":"product-type-variable"},"acf":[],"_links":{"self":[{"href":"https:\/\/harmonium.es\/fi\/wp-json\/wp\/v2\/product\/1101","targetHints":{"allow":["GET"]}}],"collection":[{"href":"https:\/\/harmonium.es\/fi\/wp-json\/wp\/v2\/product"}],"about":[{"href":"https:\/\/harmonium.es\/fi\/wp-json\/wp\/v2\/types\/product"}],"replies":[{"embeddable":true,"href":"https:\/\/harmonium.es\/fi\/wp-json\/wp\/v2\/comments?post=1101"}],"wp:featuredmedia":[{"embeddable":true,"href":"https:\/\/harmonium.es\/fi\/wp-json\/wp\/v2\/media\/2210"}],"wp:attachment":[{"href":"https:\/\/harmonium.es\/fi\/wp-json\/wp\/v2\/media?parent=1101"}],"wp:term":[{"taxonomy":"product_brand","embeddable":true,"href":"https:\/\/harmonium.es\/fi\/wp-json\/wp\/v2\/product_brand?post=1101"},{"taxonomy":"product_cat","embeddable":true,"href":"https:\/\/harmonium.es\/fi\/wp-json\/wp\/v2\/product_cat?post=1101"},{"taxonomy":"product_tag","embeddable":true,"href":"https:\/\/harmonium.es\/fi\/wp-json\/wp\/v2\/product_tag?post=1101"}],"curies":[{"name":"wp","href":"https:\/\/api.w.org\/{rel}","templated":true}]}}