{"id":2004,"date":"2025-05-08T09:40:49","date_gmt":"2025-05-08T09:40:49","guid":{"rendered":"https:\/\/mimusa.pro\/harmonium\/?post_type=product&#038;p=2004"},"modified":"2026-01-29T08:35:11","modified_gmt":"2026-01-29T08:35:11","slug":"geometric-harmony","status":"publish","type":"product","link":"https:\/\/harmonium.es\/es\/producto\/geometric-harmony\/","title":{"rendered":"Geometric Harmony"},"content":{"rendered":"<p class=\"sc-6d40b24c-2 cTqclL\">Inspiradas en el estilo Bauhaus, con sus formas geom\u00e9tricas y dise\u00f1o abstracto, estas baldosas son ideales para revestir paredes. Crea composiciones \u00fanicas que proporcionen un toque est\u00e9tico diferenciador y ayuden a controlar el nivel de ruido.<\/p>\n","protected":false},"excerpt":{"rendered":"<p>Inspiradas en el estilo Bauhaus, con sus formas geom\u00e9tricas y dise\u00f1o abstracto, estas baldosas son ideales para revestir paredes. Crea composiciones \u00fanicas que proporcionen un toque est\u00e9tico diferenciador y ayuden a controlar el nivel de ruido.<\/p>\n","protected":false},"featured_media":2370,"comment_status":"open","ping_status":"closed","template":"","meta":{"_acf_changed":false},"product_brand":[],"product_cat":[33,22],"product_tag":[],"class_list":{"0":"post-2004","1":"product","2":"type-product","3":"status-publish","4":"has-post-thumbnail","6":"product_cat-bauhaus-by-harmonium","7":"product_cat-paneles-de-pared","9":"first","10":"instock","11":"shipping-taxable","12":"product-type-variable"},"acf":[],"_links":{"self":[{"href":"https:\/\/harmonium.es\/es\/wp-json\/wp\/v2\/product\/2004","targetHints":{"allow":["GET"]}}],"collection":[{"href":"https:\/\/harmonium.es\/es\/wp-json\/wp\/v2\/product"}],"about":[{"href":"https:\/\/harmonium.es\/es\/wp-json\/wp\/v2\/types\/product"}],"replies":[{"embeddable":true,"href":"https:\/\/harmonium.es\/es\/wp-json\/wp\/v2\/comments?post=2004"}],"wp:featuredmedia":[{"embeddable":true,"href":"https:\/\/harmonium.es\/es\/wp-json\/wp\/v2\/media\/2370"}],"wp:attachment":[{"href":"https:\/\/harmonium.es\/es\/wp-json\/wp\/v2\/media?parent=2004"}],"wp:term":[{"taxonomy":"product_brand","embeddable":true,"href":"https:\/\/harmonium.es\/es\/wp-json\/wp\/v2\/product_brand?post=2004"},{"taxonomy":"product_cat","embeddable":true,"href":"https:\/\/harmonium.es\/es\/wp-json\/wp\/v2\/product_cat?post=2004"},{"taxonomy":"product_tag","embeddable":true,"href":"https:\/\/harmonium.es\/es\/wp-json\/wp\/v2\/product_tag?post=2004"}],"curies":[{"name":"wp","href":"https:\/\/api.w.org\/{rel}","templated":true}]}}