{"id":1374,"date":"2025-05-08T08:48:31","date_gmt":"2025-05-08T08:48:31","guid":{"rendered":"https:\/\/mimusa.pro\/harmonium\/?post_type=product&#038;p=1374"},"modified":"2026-01-29T09:27:17","modified_gmt":"2026-01-29T09:27:17","slug":"leaf-corner","status":"publish","type":"product","link":"https:\/\/harmonium.es\/es\/producto\/leaf-corner\/","title":{"rendered":"Leaf Corner"},"content":{"rendered":"<p class=\"sc-6d40b24c-2 cTqclL\">Deja que tus paredes hablen y experimenta la fusi\u00f3n de un estilo floral con un atractivo sencillo en una pieza de dise\u00f1o impresionante. Leaf evoca un patr\u00f3n floral y atemporal en tu pared y complementar\u00e1 perfectamente tu interior.<\/p>\n","protected":false},"excerpt":{"rendered":"<p>Deja que tus paredes hablen y experimenta la fusi\u00f3n de un estilo floral con un atractivo sencillo en una pieza de dise\u00f1o impresionante. Leaf evoca un patr\u00f3n floral y atemporal en tu pared y complementar\u00e1 perfectamente tu interior.<\/p>\n","protected":false},"featured_media":2251,"comment_status":"open","ping_status":"closed","template":"","meta":{"_acf_changed":false},"product_brand":[],"product_cat":[29,22],"product_tag":[],"class_list":{"0":"post-1374","1":"product","2":"type-product","3":"status-publish","4":"has-post-thumbnail","6":"product_cat-chilwe","7":"product_cat-paneles-de-pared","9":"first","10":"instock","11":"shipping-taxable","12":"product-type-variable"},"acf":[],"_links":{"self":[{"href":"https:\/\/harmonium.es\/es\/wp-json\/wp\/v2\/product\/1374","targetHints":{"allow":["GET"]}}],"collection":[{"href":"https:\/\/harmonium.es\/es\/wp-json\/wp\/v2\/product"}],"about":[{"href":"https:\/\/harmonium.es\/es\/wp-json\/wp\/v2\/types\/product"}],"replies":[{"embeddable":true,"href":"https:\/\/harmonium.es\/es\/wp-json\/wp\/v2\/comments?post=1374"}],"wp:featuredmedia":[{"embeddable":true,"href":"https:\/\/harmonium.es\/es\/wp-json\/wp\/v2\/media\/2251"}],"wp:attachment":[{"href":"https:\/\/harmonium.es\/es\/wp-json\/wp\/v2\/media?parent=1374"}],"wp:term":[{"taxonomy":"product_brand","embeddable":true,"href":"https:\/\/harmonium.es\/es\/wp-json\/wp\/v2\/product_brand?post=1374"},{"taxonomy":"product_cat","embeddable":true,"href":"https:\/\/harmonium.es\/es\/wp-json\/wp\/v2\/product_cat?post=1374"},{"taxonomy":"product_tag","embeddable":true,"href":"https:\/\/harmonium.es\/es\/wp-json\/wp\/v2\/product_tag?post=1374"}],"curies":[{"name":"wp","href":"https:\/\/api.w.org\/{rel}","templated":true}]}}