{"id":1332,"date":"2025-05-08T08:45:32","date_gmt":"2025-05-08T08:45:32","guid":{"rendered":"https:\/\/mimusa.pro\/harmonium\/?post_type=product&#038;p=1332"},"modified":"2026-01-29T09:30:42","modified_gmt":"2026-01-29T09:30:42","slug":"moon-island-l","status":"publish","type":"product","link":"https:\/\/harmonium.es\/es\/producto\/moon-island-l\/","title":{"rendered":"Moon Island L"},"content":{"rendered":"<p class=\"sc-6d40b24c-2 cTqclL\">Mejora tu espacio elegante y refinado con nuestro panel ac\u00fastico Moon, inspirado en la textura y la superficie craterizada de la luna llena. Disponible en un tono blanco marfil, a\u00f1ade un toque de belleza celestial. Cu\u00e9lgalo del techo o en la pared, proporcionando un dise\u00f1o excepcional para interiores sofisticados con un toque de buen gusto.<\/p>\n","protected":false},"excerpt":{"rendered":"<p>Mejora tu espacio elegante y refinado con nuestro panel ac\u00fastico Moon, inspirado en la textura y la superficie craterizada de la luna llena. Disponible en un tono blanco marfil, a\u00f1ade un toque de belleza celestial. Cu\u00e9lgalo del techo o en la pared, proporcionando un dise\u00f1o excepcional para interiores sofisticados con un toque de buen gusto.<\/p>\n","protected":false},"featured_media":2197,"comment_status":"open","ping_status":"closed","template":"","meta":{"_acf_changed":false},"product_brand":[],"product_cat":[35,23],"product_tag":[],"class_list":{"0":"post-1332","1":"product","2":"type-product","3":"status-publish","4":"has-post-thumbnail","6":"product_cat-chilwe-ceiling-panels","7":"product_cat-paneles-de-techo","9":"first","10":"instock","11":"shipping-taxable","12":"product-type-variable"},"acf":[],"_links":{"self":[{"href":"https:\/\/harmonium.es\/es\/wp-json\/wp\/v2\/product\/1332","targetHints":{"allow":["GET"]}}],"collection":[{"href":"https:\/\/harmonium.es\/es\/wp-json\/wp\/v2\/product"}],"about":[{"href":"https:\/\/harmonium.es\/es\/wp-json\/wp\/v2\/types\/product"}],"replies":[{"embeddable":true,"href":"https:\/\/harmonium.es\/es\/wp-json\/wp\/v2\/comments?post=1332"}],"wp:featuredmedia":[{"embeddable":true,"href":"https:\/\/harmonium.es\/es\/wp-json\/wp\/v2\/media\/2197"}],"wp:attachment":[{"href":"https:\/\/harmonium.es\/es\/wp-json\/wp\/v2\/media?parent=1332"}],"wp:term":[{"taxonomy":"product_brand","embeddable":true,"href":"https:\/\/harmonium.es\/es\/wp-json\/wp\/v2\/product_brand?post=1332"},{"taxonomy":"product_cat","embeddable":true,"href":"https:\/\/harmonium.es\/es\/wp-json\/wp\/v2\/product_cat?post=1332"},{"taxonomy":"product_tag","embeddable":true,"href":"https:\/\/harmonium.es\/es\/wp-json\/wp\/v2\/product_tag?post=1332"}],"curies":[{"name":"wp","href":"https:\/\/api.w.org\/{rel}","templated":true}]}}