{"id":1185,"date":"2025-05-08T08:31:41","date_gmt":"2025-05-08T08:31:41","guid":{"rendered":"https:\/\/mimusa.pro\/harmonium\/?post_type=product&#038;p=1185"},"modified":"2026-01-29T09:39:52","modified_gmt":"2026-01-29T09:39:52","slug":"montsera-island-l","status":"publish","type":"product","link":"https:\/\/harmonium.es\/es\/producto\/montsera-island-l\/","title":{"rendered":"Montsera Island L"},"content":{"rendered":"<p class=\"sc-6d40b24c-2 cTqclL\">Transforma tu espacio con la atm\u00f3sfera creativa y natural de nuestro panel ac\u00fastico Montsera. Cu\u00e9lgalo suspendido del techo o elegantemente en la pared. Juega con diferentes tama\u00f1os y colores dentro del mismo espacio, lo que te permite crear una atm\u00f3sfera personalizada y visualmente impactante. Inspirado en la hoja de la planta ic\u00f3nica, el dise\u00f1o \u201cMontsera\u201d irradia un car\u00e1cter vibrante.<\/p>\n","protected":false},"excerpt":{"rendered":"<p>Transforma tu espacio con la atm\u00f3sfera creativa y natural de nuestro panel ac\u00fastico Montsera. Cu\u00e9lgalo suspendido del techo o elegantemente en la pared. Juega con diferentes tama\u00f1os y colores dentro del mismo espacio, lo que te permite crear una atm\u00f3sfera personalizada y visualmente impactante. Inspirado en la hoja de la planta ic\u00f3nica, el dise\u00f1o \u201cMontsera\u201d [&hellip;]<\/p>\n","protected":false},"featured_media":2183,"comment_status":"open","ping_status":"closed","template":"","meta":{"_acf_changed":false},"product_brand":[],"product_cat":[35,23],"product_tag":[],"class_list":{"0":"post-1185","1":"product","2":"type-product","3":"status-publish","4":"has-post-thumbnail","6":"product_cat-chilwe-ceiling-panels","7":"product_cat-paneles-de-techo","9":"first","10":"instock","11":"shipping-taxable","12":"product-type-variable"},"acf":[],"_links":{"self":[{"href":"https:\/\/harmonium.es\/es\/wp-json\/wp\/v2\/product\/1185","targetHints":{"allow":["GET"]}}],"collection":[{"href":"https:\/\/harmonium.es\/es\/wp-json\/wp\/v2\/product"}],"about":[{"href":"https:\/\/harmonium.es\/es\/wp-json\/wp\/v2\/types\/product"}],"replies":[{"embeddable":true,"href":"https:\/\/harmonium.es\/es\/wp-json\/wp\/v2\/comments?post=1185"}],"wp:featuredmedia":[{"embeddable":true,"href":"https:\/\/harmonium.es\/es\/wp-json\/wp\/v2\/media\/2183"}],"wp:attachment":[{"href":"https:\/\/harmonium.es\/es\/wp-json\/wp\/v2\/media?parent=1185"}],"wp:term":[{"taxonomy":"product_brand","embeddable":true,"href":"https:\/\/harmonium.es\/es\/wp-json\/wp\/v2\/product_brand?post=1185"},{"taxonomy":"product_cat","embeddable":true,"href":"https:\/\/harmonium.es\/es\/wp-json\/wp\/v2\/product_cat?post=1185"},{"taxonomy":"product_tag","embeddable":true,"href":"https:\/\/harmonium.es\/es\/wp-json\/wp\/v2\/product_tag?post=1185"}],"curies":[{"name":"wp","href":"https:\/\/api.w.org\/{rel}","templated":true}]}}