{"id":2046,"date":"2025-05-08T09:43:20","date_gmt":"2025-05-08T09:43:20","guid":{"rendered":"https:\/\/mimusa.pro\/harmonium\/?post_type=product&#038;p=2046"},"modified":"2026-01-29T08:32:23","modified_gmt":"2026-01-29T08:32:23","slug":"abstraction-game","status":"publish","type":"product","link":"https:\/\/harmonium.es\/de\/producto\/abstraction-game\/","title":{"rendered":"Abstraction Game"},"content":{"rendered":"<p class=\"sc-6d40b24c-2 cTqclL\">Gerade Linien und pr\u00e4zise Winkel bestimmen die Struktur von Abstraction Game. Inspiriert durch den Bauhaus-Ansatz, das \u00dcberfl\u00fcssige zu eliminieren, verflechten sich die Linien zu faszinierenden Mustern und schaffen eine visuelle Erfahrung, die die Wahrnehmung herausfordert und zum Nachdenken anregt.<\/p>","protected":false},"excerpt":{"rendered":"<p>Gerade Linien und pr\u00e4zise Winkel bestimmen die Struktur von Abstraction Game. Inspiriert durch den Bauhaus-Ansatz, das \u00dcberfl\u00fcssige zu eliminieren, verflechten sich die Linien zu faszinierenden Mustern und schaffen eine visuelle Erfahrung, die die Wahrnehmung herausfordert und zum Nachdenken anregt.<\/p>","protected":false},"featured_media":2375,"comment_status":"open","ping_status":"closed","template":"","meta":{"_acf_changed":false},"product_brand":[],"product_cat":[33,22],"product_tag":[],"class_list":{"0":"post-2046","1":"product","2":"type-product","3":"status-publish","4":"has-post-thumbnail","6":"product_cat-bauhaus-by-harmonium","7":"product_cat-paneles-de-pared","9":"first","10":"instock","11":"shipping-taxable","12":"product-type-variable"},"acf":[],"_links":{"self":[{"href":"https:\/\/harmonium.es\/de\/wp-json\/wp\/v2\/product\/2046","targetHints":{"allow":["GET"]}}],"collection":[{"href":"https:\/\/harmonium.es\/de\/wp-json\/wp\/v2\/product"}],"about":[{"href":"https:\/\/harmonium.es\/de\/wp-json\/wp\/v2\/types\/product"}],"replies":[{"embeddable":true,"href":"https:\/\/harmonium.es\/de\/wp-json\/wp\/v2\/comments?post=2046"}],"wp:featuredmedia":[{"embeddable":true,"href":"https:\/\/harmonium.es\/de\/wp-json\/wp\/v2\/media\/2375"}],"wp:attachment":[{"href":"https:\/\/harmonium.es\/de\/wp-json\/wp\/v2\/media?parent=2046"}],"wp:term":[{"taxonomy":"product_brand","embeddable":true,"href":"https:\/\/harmonium.es\/de\/wp-json\/wp\/v2\/product_brand?post=2046"},{"taxonomy":"product_cat","embeddable":true,"href":"https:\/\/harmonium.es\/de\/wp-json\/wp\/v2\/product_cat?post=2046"},{"taxonomy":"product_tag","embeddable":true,"href":"https:\/\/harmonium.es\/de\/wp-json\/wp\/v2\/product_tag?post=2046"}],"curies":[{"name":"wp","href":"https:\/\/api.w.org\/{rel}","templated":true}]}}