{"id":2025,"date":"2025-05-08T09:41:08","date_gmt":"2025-05-08T09:41:08","guid":{"rendered":"https:\/\/mimusa.pro\/harmonium\/?post_type=product&#038;p=2025"},"modified":"2026-01-29T08:33:46","modified_gmt":"2026-01-29T08:33:46","slug":"voroni","status":"publish","type":"product","link":"https:\/\/harmonium.es\/de\/producto\/voroni\/","title":{"rendered":"Voronoi"},"content":{"rendered":"<p class=\"sc-6d40b24c-2 cTqclL\">Wie die Zellen in unserem K\u00f6rper sind auch alle Zellen auf dieser Tafel voneinander abh\u00e4ngig. Sie scheinen sich gegenseitig zu schieben und zu ziehen, um sich gleichm\u00e4\u00dfig \u00fcber die Oberfl\u00e4che zu verteilen, wodurch eine Sammlung organischer und beruhigender Formen entsteht.<\/p>","protected":false},"excerpt":{"rendered":"<p>Wie die Zellen in unserem K\u00f6rper sind auch alle Zellen auf dieser Tafel voneinander abh\u00e4ngig. Sie scheinen sich gegenseitig zu schieben und zu ziehen, um sich gleichm\u00e4\u00dfig \u00fcber die Oberfl\u00e4che zu verteilen, wodurch eine Sammlung organischer und beruhigender Formen entsteht.<\/p>","protected":false},"featured_media":2134,"comment_status":"open","ping_status":"closed","template":"","meta":{"_acf_changed":false},"product_brand":[],"product_cat":[27,44],"product_tag":[],"class_list":{"0":"post-2025","1":"product","2":"type-product","3":"status-publish","4":"has-post-thumbnail","6":"product_cat-celosias","7":"product_cat-harmony-screens","9":"first","10":"instock","11":"shipping-taxable","12":"product-type-variable"},"acf":[],"_links":{"self":[{"href":"https:\/\/harmonium.es\/de\/wp-json\/wp\/v2\/product\/2025","targetHints":{"allow":["GET"]}}],"collection":[{"href":"https:\/\/harmonium.es\/de\/wp-json\/wp\/v2\/product"}],"about":[{"href":"https:\/\/harmonium.es\/de\/wp-json\/wp\/v2\/types\/product"}],"replies":[{"embeddable":true,"href":"https:\/\/harmonium.es\/de\/wp-json\/wp\/v2\/comments?post=2025"}],"wp:featuredmedia":[{"embeddable":true,"href":"https:\/\/harmonium.es\/de\/wp-json\/wp\/v2\/media\/2134"}],"wp:attachment":[{"href":"https:\/\/harmonium.es\/de\/wp-json\/wp\/v2\/media?parent=2025"}],"wp:term":[{"taxonomy":"product_brand","embeddable":true,"href":"https:\/\/harmonium.es\/de\/wp-json\/wp\/v2\/product_brand?post=2025"},{"taxonomy":"product_cat","embeddable":true,"href":"https:\/\/harmonium.es\/de\/wp-json\/wp\/v2\/product_cat?post=2025"},{"taxonomy":"product_tag","embeddable":true,"href":"https:\/\/harmonium.es\/de\/wp-json\/wp\/v2\/product_tag?post=2025"}],"curies":[{"name":"wp","href":"https:\/\/api.w.org\/{rel}","templated":true}]}}