{"id":1794,"date":"2025-05-08T09:24:58","date_gmt":"2025-05-08T09:24:58","guid":{"rendered":"https:\/\/mimusa.pro\/harmonium\/?post_type=product&#038;p=1794"},"modified":"2026-01-29T08:50:34","modified_gmt":"2026-01-29T08:50:34","slug":"sunrise","status":"publish","type":"product","link":"https:\/\/harmonium.es\/de\/producto\/sunrise\/","title":{"rendered":"Sunrise"},"content":{"rendered":"<p class=\"sc-6d40b24c-2 cTqclL\">Als Symbol der Hoffnung und des Handelns verk\u00f6rpert SUNRISE mit seinem goldenen Sonnenaufgang, der einen neuen Tag f\u00fcr die Erde einl\u00e4utet, das Konzept \u201eHELP OUR PLANET\u201c.<\/p>","protected":false},"excerpt":{"rendered":"<p>Als Symbol der Hoffnung und des Handelns verk\u00f6rpert SUNRISE mit seinem goldenen Sonnenaufgang, der einen neuen Tag f\u00fcr die Erde einl\u00e4utet, das Konzept \u201eHELP OUR PLANET\u201c.<\/p>","protected":false},"featured_media":2331,"comment_status":"open","ping_status":"closed","template":"","meta":{"_acf_changed":false},"product_brand":[],"product_cat":[32,22],"product_tag":[],"class_list":{"0":"post-1794","1":"product","2":"type-product","3":"status-publish","4":"has-post-thumbnail","6":"product_cat-hop-help-our-planet","7":"product_cat-paneles-de-pared","9":"first","10":"instock","11":"shipping-taxable","12":"product-type-variable"},"acf":[],"_links":{"self":[{"href":"https:\/\/harmonium.es\/de\/wp-json\/wp\/v2\/product\/1794","targetHints":{"allow":["GET"]}}],"collection":[{"href":"https:\/\/harmonium.es\/de\/wp-json\/wp\/v2\/product"}],"about":[{"href":"https:\/\/harmonium.es\/de\/wp-json\/wp\/v2\/types\/product"}],"replies":[{"embeddable":true,"href":"https:\/\/harmonium.es\/de\/wp-json\/wp\/v2\/comments?post=1794"}],"wp:featuredmedia":[{"embeddable":true,"href":"https:\/\/harmonium.es\/de\/wp-json\/wp\/v2\/media\/2331"}],"wp:attachment":[{"href":"https:\/\/harmonium.es\/de\/wp-json\/wp\/v2\/media?parent=1794"}],"wp:term":[{"taxonomy":"product_brand","embeddable":true,"href":"https:\/\/harmonium.es\/de\/wp-json\/wp\/v2\/product_brand?post=1794"},{"taxonomy":"product_cat","embeddable":true,"href":"https:\/\/harmonium.es\/de\/wp-json\/wp\/v2\/product_cat?post=1794"},{"taxonomy":"product_tag","embeddable":true,"href":"https:\/\/harmonium.es\/de\/wp-json\/wp\/v2\/product_tag?post=1794"}],"curies":[{"name":"wp","href":"https:\/\/api.w.org\/{rel}","templated":true}]}}