{"id":1773,"date":"2025-05-08T09:23:21","date_gmt":"2025-05-08T09:23:21","guid":{"rendered":"https:\/\/mimusa.pro\/harmonium\/?post_type=product&#038;p=1773"},"modified":"2026-01-29T08:51:55","modified_gmt":"2026-01-29T08:51:55","slug":"flora","status":"publish","type":"product","link":"https:\/\/harmonium.es\/de\/producto\/flora\/","title":{"rendered":"Flora"},"content":{"rendered":"<p class=\"sc-6d40b24c-2 cTqclL\">Was ist besser als ein Topf? Nat\u00fcrlich ein Topf, der Ger\u00e4usche absorbiert. Lernen Sie Flora kennen und verschaffen Sie sich, Ihren Mitarbeitern und Ihren Pflanzen ein bl\u00fchendes Arbeitsumfeld.<\/p>","protected":false},"excerpt":{"rendered":"<p>Was ist besser als ein Topf? Nat\u00fcrlich ein Topf, der Ger\u00e4usche absorbiert. Lernen Sie Flora kennen und verschaffen Sie sich, Ihren Mitarbeitern und Ihren Pflanzen ein bl\u00fchendes Arbeitsumfeld.<\/p>","protected":false},"featured_media":2171,"comment_status":"open","ping_status":"closed","template":"","meta":{"_acf_changed":false},"product_brand":[],"product_cat":[24,40],"product_tag":[],"class_list":{"0":"post-1773","1":"product","2":"type-product","3":"status-publish","4":"has-post-thumbnail","6":"product_cat-creaciones","7":"product_cat-essential-creations","9":"first","10":"instock","11":"shipping-taxable","12":"product-type-variable"},"acf":[],"_links":{"self":[{"href":"https:\/\/harmonium.es\/de\/wp-json\/wp\/v2\/product\/1773","targetHints":{"allow":["GET"]}}],"collection":[{"href":"https:\/\/harmonium.es\/de\/wp-json\/wp\/v2\/product"}],"about":[{"href":"https:\/\/harmonium.es\/de\/wp-json\/wp\/v2\/types\/product"}],"replies":[{"embeddable":true,"href":"https:\/\/harmonium.es\/de\/wp-json\/wp\/v2\/comments?post=1773"}],"wp:featuredmedia":[{"embeddable":true,"href":"https:\/\/harmonium.es\/de\/wp-json\/wp\/v2\/media\/2171"}],"wp:attachment":[{"href":"https:\/\/harmonium.es\/de\/wp-json\/wp\/v2\/media?parent=1773"}],"wp:term":[{"taxonomy":"product_brand","embeddable":true,"href":"https:\/\/harmonium.es\/de\/wp-json\/wp\/v2\/product_brand?post=1773"},{"taxonomy":"product_cat","embeddable":true,"href":"https:\/\/harmonium.es\/de\/wp-json\/wp\/v2\/product_cat?post=1773"},{"taxonomy":"product_tag","embeddable":true,"href":"https:\/\/harmonium.es\/de\/wp-json\/wp\/v2\/product_tag?post=1773"}],"curies":[{"name":"wp","href":"https:\/\/api.w.org\/{rel}","templated":true}]}}