{"id":1668,"date":"2025-05-08T09:10:07","date_gmt":"2025-05-08T09:10:07","guid":{"rendered":"https:\/\/mimusa.pro\/harmonium\/?post_type=product&#038;p=1668"},"modified":"2026-01-29T09:04:49","modified_gmt":"2026-01-29T09:04:49","slug":"morph","status":"publish","type":"product","link":"https:\/\/harmonium.es\/de\/producto\/morph\/","title":{"rendered":"Morph"},"content":{"rendered":"<p class=\"sc-6d40b24c-2 cTqclL\">Es gibt viele Faktoren, die Morph einzigartig machen. Die Lamellen der verschiedenen Paneele gehen ineinander \u00fcber und schaffen einen faszinierenden Farbverlauf. Dank seines Designs ist Morph au\u00dferdem perfekt verstellbar und passt sich an die H\u00f6he Ihres Raumes an.<\/p>","protected":false},"excerpt":{"rendered":"<p>Es gibt viele Faktoren, die Morph einzigartig machen. Die Lamellen der verschiedenen Paneele gehen ineinander \u00fcber und schaffen einen faszinierenden Farbverlauf. Dank seines Designs ist Morph au\u00dferdem perfekt verstellbar und passt sich an die H\u00f6he Ihres Raumes an.<\/p>","protected":false},"featured_media":2309,"comment_status":"open","ping_status":"closed","template":"","meta":{"_acf_changed":false},"product_brand":[],"product_cat":[31,22],"product_tag":[],"class_list":{"0":"post-1668","1":"product","2":"type-product","3":"status-publish","4":"has-post-thumbnail","6":"product_cat-essential","7":"product_cat-paneles-de-pared","9":"first","10":"instock","11":"shipping-taxable","12":"product-type-variable"},"acf":[],"_links":{"self":[{"href":"https:\/\/harmonium.es\/de\/wp-json\/wp\/v2\/product\/1668","targetHints":{"allow":["GET"]}}],"collection":[{"href":"https:\/\/harmonium.es\/de\/wp-json\/wp\/v2\/product"}],"about":[{"href":"https:\/\/harmonium.es\/de\/wp-json\/wp\/v2\/types\/product"}],"replies":[{"embeddable":true,"href":"https:\/\/harmonium.es\/de\/wp-json\/wp\/v2\/comments?post=1668"}],"wp:featuredmedia":[{"embeddable":true,"href":"https:\/\/harmonium.es\/de\/wp-json\/wp\/v2\/media\/2309"}],"wp:attachment":[{"href":"https:\/\/harmonium.es\/de\/wp-json\/wp\/v2\/media?parent=1668"}],"wp:term":[{"taxonomy":"product_brand","embeddable":true,"href":"https:\/\/harmonium.es\/de\/wp-json\/wp\/v2\/product_brand?post=1668"},{"taxonomy":"product_cat","embeddable":true,"href":"https:\/\/harmonium.es\/de\/wp-json\/wp\/v2\/product_cat?post=1668"},{"taxonomy":"product_tag","embeddable":true,"href":"https:\/\/harmonium.es\/de\/wp-json\/wp\/v2\/product_tag?post=1668"}],"curies":[{"name":"wp","href":"https:\/\/api.w.org\/{rel}","templated":true}]}}