{"id":1500,"date":"2025-05-08T08:56:58","date_gmt":"2025-05-08T08:56:58","guid":{"rendered":"https:\/\/mimusa.pro\/harmonium\/?post_type=product&#038;p=1500"},"modified":"2026-01-29T09:16:43","modified_gmt":"2026-01-29T09:16:43","slug":"petal-island-s","status":"publish","type":"product","link":"https:\/\/harmonium.es\/de\/producto\/petal-island-s\/","title":{"rendered":"Petal Island S"},"content":{"rendered":"<p class=\"sc-6d40b24c-2 cTqclL\">Abgeh\u00e4ngte Inselelemente eignen sich perfekt, um die Akustik des Raums zu optimieren und gleichzeitig die urspr\u00fcngliche Deckengestaltung zu respektieren. Durch ihr abgerundetes, bl\u00fctenf\u00f6rmiges Design lassen sich mehrere Kompositionen in unterschiedlichen H\u00f6hen schaffen.<\/p>","protected":false},"excerpt":{"rendered":"<p>Abgeh\u00e4ngte Inselelemente eignen sich perfekt, um die Akustik des Raums zu optimieren und gleichzeitig die urspr\u00fcngliche Deckengestaltung zu respektieren. Durch ihr abgerundetes, bl\u00fctenf\u00f6rmiges Design lassen sich mehrere Kompositionen in unterschiedlichen H\u00f6hen schaffen.<\/p>","protected":false},"featured_media":2300,"comment_status":"open","ping_status":"closed","template":"","meta":{"_acf_changed":false},"product_brand":[],"product_cat":[36,23],"product_tag":[],"class_list":{"0":"post-1500","1":"product","2":"type-product","3":"status-publish","4":"has-post-thumbnail","6":"product_cat-harmony-ceiling-panels","7":"product_cat-paneles-de-techo","9":"first","10":"instock","11":"shipping-taxable","12":"product-type-variable"},"acf":[],"_links":{"self":[{"href":"https:\/\/harmonium.es\/de\/wp-json\/wp\/v2\/product\/1500","targetHints":{"allow":["GET"]}}],"collection":[{"href":"https:\/\/harmonium.es\/de\/wp-json\/wp\/v2\/product"}],"about":[{"href":"https:\/\/harmonium.es\/de\/wp-json\/wp\/v2\/types\/product"}],"replies":[{"embeddable":true,"href":"https:\/\/harmonium.es\/de\/wp-json\/wp\/v2\/comments?post=1500"}],"wp:featuredmedia":[{"embeddable":true,"href":"https:\/\/harmonium.es\/de\/wp-json\/wp\/v2\/media\/2300"}],"wp:attachment":[{"href":"https:\/\/harmonium.es\/de\/wp-json\/wp\/v2\/media?parent=1500"}],"wp:term":[{"taxonomy":"product_brand","embeddable":true,"href":"https:\/\/harmonium.es\/de\/wp-json\/wp\/v2\/product_brand?post=1500"},{"taxonomy":"product_cat","embeddable":true,"href":"https:\/\/harmonium.es\/de\/wp-json\/wp\/v2\/product_cat?post=1500"},{"taxonomy":"product_tag","embeddable":true,"href":"https:\/\/harmonium.es\/de\/wp-json\/wp\/v2\/product_tag?post=1500"}],"curies":[{"name":"wp","href":"https:\/\/api.w.org\/{rel}","templated":true}]}}