{"id":1388,"date":"2025-05-08T08:48:32","date_gmt":"2025-05-08T08:48:32","guid":{"rendered":"https:\/\/mimusa.pro\/harmonium\/?post_type=product&#038;p=1388"},"modified":"2026-01-29T09:25:37","modified_gmt":"2026-01-29T09:25:37","slug":"moon-island-s","status":"publish","type":"product","link":"https:\/\/harmonium.es\/de\/producto\/moon-island-s\/","title":{"rendered":"Moon Island S"},"content":{"rendered":"<p class=\"sc-6d40b24c-2 cTqclL\">Veredeln Sie Ihren eleganten, raffinierten Raum mit unserem Akustikpaneel Moon, inspiriert von der Struktur und der Krater-Oberfl\u00e4che des Vollmondes. In edlem Elfenbeinwei\u00df erh\u00e4ltlich, verleiht es jedem Interieur einen Hauch himmlischer Sch\u00f6nheit. Ob an der Decke oder an der Wand \u2013 Moon schafft ein au\u00dfergew\u00f6hnliches Design f\u00fcr anspruchsvolle R\u00e4ume mit stilvollem Charakter.<\/p>","protected":false},"excerpt":{"rendered":"<p>Veredeln Sie Ihren eleganten, raffinierten Raum mit unserem Akustikpaneel Moon, inspiriert von der Struktur und der Krater-Oberfl\u00e4che des Vollmondes. In edlem Elfenbeinwei\u00df erh\u00e4ltlich, verleiht es jedem Interieur einen Hauch himmlischer Sch\u00f6nheit. Ob an der Decke oder an der Wand \u2013 Moon schafft ein au\u00dfergew\u00f6hnliches Design f\u00fcr anspruchsvolle R\u00e4ume mit stilvollem Charakter.<\/p>","protected":false},"featured_media":2205,"comment_status":"open","ping_status":"closed","template":"","meta":{"_acf_changed":false},"product_brand":[],"product_cat":[35,23],"product_tag":[],"class_list":{"0":"post-1388","1":"product","2":"type-product","3":"status-publish","4":"has-post-thumbnail","6":"product_cat-chilwe-ceiling-panels","7":"product_cat-paneles-de-techo","9":"first","10":"instock","11":"shipping-taxable","12":"product-type-variable"},"acf":[],"_links":{"self":[{"href":"https:\/\/harmonium.es\/de\/wp-json\/wp\/v2\/product\/1388","targetHints":{"allow":["GET"]}}],"collection":[{"href":"https:\/\/harmonium.es\/de\/wp-json\/wp\/v2\/product"}],"about":[{"href":"https:\/\/harmonium.es\/de\/wp-json\/wp\/v2\/types\/product"}],"replies":[{"embeddable":true,"href":"https:\/\/harmonium.es\/de\/wp-json\/wp\/v2\/comments?post=1388"}],"wp:featuredmedia":[{"embeddable":true,"href":"https:\/\/harmonium.es\/de\/wp-json\/wp\/v2\/media\/2205"}],"wp:attachment":[{"href":"https:\/\/harmonium.es\/de\/wp-json\/wp\/v2\/media?parent=1388"}],"wp:term":[{"taxonomy":"product_brand","embeddable":true,"href":"https:\/\/harmonium.es\/de\/wp-json\/wp\/v2\/product_brand?post=1388"},{"taxonomy":"product_cat","embeddable":true,"href":"https:\/\/harmonium.es\/de\/wp-json\/wp\/v2\/product_cat?post=1388"},{"taxonomy":"product_tag","embeddable":true,"href":"https:\/\/harmonium.es\/de\/wp-json\/wp\/v2\/product_tag?post=1388"}],"curies":[{"name":"wp","href":"https:\/\/api.w.org\/{rel}","templated":true}]}}