{"id":1227,"date":"2025-05-08T08:36:13","date_gmt":"2025-05-08T08:36:13","guid":{"rendered":"https:\/\/mimusa.pro\/harmonium\/?post_type=product&#038;p=1227"},"modified":"2026-01-29T09:37:06","modified_gmt":"2026-01-29T09:37:06","slug":"montsera-island-s","status":"publish","type":"product","link":"https:\/\/harmonium.es\/de\/producto\/montsera-island-s\/","title":{"rendered":"Montsera Island S"},"content":{"rendered":"<p class=\"sc-6d40b24c-2 cTqclL\">Verwandeln Sie Ihren Raum mit der kreativen und nat\u00fcrlichen Atmosph\u00e4re unseres Akustikpaneels Montsera. H\u00e4ngen Sie es von der Decke oder elegant an die Wand. Spielen Sie mit verschiedenen Gr\u00f6\u00dfen und Farben im selben Raum und schaffen Sie so eine individuelle und visuell beeindruckende Atmosph\u00e4re. Das Design \u201eMontsera\u201c ist von dem ikonischen Pflanzenblatt inspiriert und strahlt einen lebendigen Charakter aus.<\/p>","protected":false},"excerpt":{"rendered":"<p>Transforma tu espacio con la atm\u00f3sfera creativa y natural de nuestro panel ac\u00fastico Montsera. Cu\u00e9lgalo suspendido del techo o elegantemente en la pared. Juega con diferentes tama\u00f1os y colores dentro del mismo espacio, lo que te permite crear una atm\u00f3sfera personalizada y visualmente impactante. Inspirado en la hoja de la planta ic\u00f3nica, el dise\u00f1o \u201cMontsera\u201d [&hellip;]<\/p>\n","protected":false},"featured_media":2187,"comment_status":"open","ping_status":"closed","template":"","meta":{"_acf_changed":false},"product_brand":[],"product_cat":[35,23],"product_tag":[],"class_list":{"0":"post-1227","1":"product","2":"type-product","3":"status-publish","4":"has-post-thumbnail","6":"product_cat-chilwe-ceiling-panels","7":"product_cat-paneles-de-techo","9":"first","10":"instock","11":"shipping-taxable","12":"product-type-variable"},"acf":[],"_links":{"self":[{"href":"https:\/\/harmonium.es\/de\/wp-json\/wp\/v2\/product\/1227","targetHints":{"allow":["GET"]}}],"collection":[{"href":"https:\/\/harmonium.es\/de\/wp-json\/wp\/v2\/product"}],"about":[{"href":"https:\/\/harmonium.es\/de\/wp-json\/wp\/v2\/types\/product"}],"replies":[{"embeddable":true,"href":"https:\/\/harmonium.es\/de\/wp-json\/wp\/v2\/comments?post=1227"}],"wp:featuredmedia":[{"embeddable":true,"href":"https:\/\/harmonium.es\/de\/wp-json\/wp\/v2\/media\/2187"}],"wp:attachment":[{"href":"https:\/\/harmonium.es\/de\/wp-json\/wp\/v2\/media?parent=1227"}],"wp:term":[{"taxonomy":"product_brand","embeddable":true,"href":"https:\/\/harmonium.es\/de\/wp-json\/wp\/v2\/product_brand?post=1227"},{"taxonomy":"product_cat","embeddable":true,"href":"https:\/\/harmonium.es\/de\/wp-json\/wp\/v2\/product_cat?post=1227"},{"taxonomy":"product_tag","embeddable":true,"href":"https:\/\/harmonium.es\/de\/wp-json\/wp\/v2\/product_tag?post=1227"}],"curies":[{"name":"wp","href":"https:\/\/api.w.org\/{rel}","templated":true}]}}